{"id":6807,"date":"2026-05-07T13:47:57","date_gmt":"2026-05-07T13:47:57","guid":{"rendered":"https:\/\/sviluppo.cimolai.com\/?page_id=6807"},"modified":"2026-05-13T15:26:40","modified_gmt":"2026-05-13T15:26:40","slug":"privacy-policy","status":"publish","type":"page","link":"https:\/\/www.cimolai.com\/es\/privacy-policy\/","title":{"rendered":"Pol\u00edtica de Privacidad"},"content":{"rendered":"<div data-elementor-type=\"wp-page\" data-elementor-id=\"6807\" class=\"elementor elementor-6807\" data-elementor-post-type=\"page\">\n\t\t\t\t<div class=\"elementor-element elementor-element-59d3b15 e-flex e-con-boxed e-con e-parent\" data-id=\"59d3b15\" data-element_type=\"container\" data-e-type=\"container\">\n\t\t\t\t\t<div class=\"e-con-inner\">\n\t\t\t\t<div class=\"elementor-element elementor-element-460a537 elementor-widget elementor-widget-heading\" data-id=\"460a537\" data-element_type=\"widget\" data-e-type=\"widget\" data-widget_type=\"heading.default\">\n\t\t\t\t<div class=\"elementor-widget-container\">\n\t\t\t\t\t<h1 class=\"elementor-heading-title elementor-size-default\">Pol\u00edtica de Privacidad<\/h1>\t\t\t\t<\/div>\n\t\t\t\t<\/div>\n\t\t\t\t<div class=\"elementor-element elementor-element-ba13804 elementor-widget elementor-widget-spacer\" data-id=\"ba13804\" data-element_type=\"widget\" data-e-type=\"widget\" data-widget_type=\"spacer.default\">\n\t\t\t\t<div class=\"elementor-widget-container\">\n\t\t\t\t\t\t\t<div class=\"elementor-spacer\">\n\t\t\t<div class=\"elementor-spacer-inner\"><\/div>\n\t\t<\/div>\n\t\t\t\t\t\t<\/div>\n\t\t\t\t<\/div>\n\t\t\t\t<div class=\"elementor-element elementor-element-2e190280 elementor-widget elementor-widget-text-editor\" data-id=\"2e190280\" data-element_type=\"widget\" data-e-type=\"widget\" data-no-translation=\"\" data-widget_type=\"text-editor.default\">\n\t\t\t\t<div class=\"elementor-widget-container\">\n\t\t\t\t\t<style>.elementor-element-2e190280{display:none !important}<\/style>\t\t\t\t<\/div>\n\t\t\t\t<\/div>\n\t\t\t\t<div class=\"elementor-element elementor-element-2320600 elementor-widget elementor-widget-text-editor\" data-id=\"2320600\" data-element_type=\"widget\" data-e-type=\"widget\" data-no-translation=\"\" data-widget_type=\"text-editor.default\">\n\t\t\t\t<div class=\"elementor-widget-container\">\n\t\t\t\t\t<style>.elementor-element-2320600{display:none !important}<\/style>\t\t\t\t<\/div>\n\t\t\t\t<\/div>\n\t\t\t\t<div class=\"elementor-element elementor-element-7ae38d6 elementor-widget elementor-widget-text-editor\" data-id=\"7ae38d6\" data-element_type=\"widget\" data-e-type=\"widget\" data-no-translation=\"\" data-widget_type=\"text-editor.default\">\n\t\t\t\t<div class=\"elementor-widget-container\">\n\t\t\t\t\t<style>.elementor-element-7ae38d6{display:none !important}<\/style>\t\t\t\t<\/div>\n\t\t\t\t<\/div>\n\t\t\t\t<div class=\"elementor-element elementor-element-e479fd1 elementor-widget elementor-widget-text-editor\" data-id=\"e479fd1\" data-element_type=\"widget\" data-e-type=\"widget\" data-no-translation=\"\" data-widget_type=\"text-editor.default\">\n\t\t\t\t<div class=\"elementor-widget-container\">\n\t\t\t\t\t\t\t\t\t\n<p><strong>Informaci\u00f3n sobre el tratamiento de los datos personales de los usuarios del sitio web<\/strong><\/p>\n\n\n\n<p><strong>de conformidad con el art. 13 del Reglamento UE n.\u00ba 2016\/679 (\u201cRGPD\u201d)<\/strong><\/p>\n\n\n\n<p>La sociedad Cimolai S.p.A. presta la m\u00e1xima atenci\u00f3n a la seguridad y confidencialidad de los datos personales de los usuarios (en adelante, los \u201c<strong>Usuarios<\/strong>\u201d o el \u201c<strong>Usuario<\/strong>\u201d en singular) del sitio web <a href=\"https:\/\/www.cimolai.com\/\">https:\/\/www.cimolai.com<\/a> (en adelante, el \u201c<strong>Sitio web<\/strong>\u201d) y desea proporcionarles la informaci\u00f3n relativa al tratamiento de sus datos personales.<\/p>\n\n\n\n<ol class=\"wp-block-list\">\n<li><strong>Responsable del tratamiento<\/strong><\/li>\n<\/ol>\n\n\n\n<p>El responsable del tratamiento es Cimolai S.p.A., con domicilio social en Viale Pasteur, 49, 00144 \u2013 Roma (RM), NIF y N.\u00ba de IVA 01507200937 (en adelante, la \u201c<strong>Sociedad<\/strong>\u201d).<\/p>\n\n\n\n<p>Para cualquier solicitud relativa al tratamiento de los datos personales, as\u00ed como para ejercer los derechos reconocidos por el RGPD y descritos con mayor detalle en el p\u00e1rrafo 7 siguiente, es posible contactar con la Sociedad en la direcci\u00f3n de correo electr\u00f3nico GDPR@cimolai.com.<\/p>\n\n\n\n<ol class=\"wp-block-list\" start=\"2\">\n<li><strong>Para qu\u00e9 finalidades trata la Sociedad los datos personales<\/strong><\/li>\n<\/ol>\n\n\n\n<p>A trav\u00e9s del Sitio web, la Sociedad recoge algunos datos personales relativos a los Usuarios, proporcionados voluntariamente por estos o recogidos durante el funcionamiento normal del Sitio web, que se tratan para las finalidades descritas a continuaci\u00f3n.<\/p>\n\n\n\n<p>Los sistemas inform\u00e1ticos y los procedimientos de software destinados al funcionamiento del Sitio web adquieren, durante su funcionamiento normal, algunos datos personales cuya transmisi\u00f3n est\u00e1 impl\u00edcita en el uso de los protocolos de comunicaci\u00f3n de Internet. Se trata de informaci\u00f3n que no se recoge para ser asociada a personas identificadas, pero que, por su propia naturaleza, podr\u00eda, mediante tratamientos y asociaciones con datos en poder de terceros, permitir identificar a los Usuarios. En esta categor\u00eda de datos se incluyen las direcciones IP de los ordenadores utilizados por los Usuarios que se conectan al Sitio web, las direcciones en notaci\u00f3n URI (<em>Uniform Resource Identifier<\/em>) de los recursos solicitados, la hora de la solicitud, el m\u00e9todo utilizado para enviar la solicitud al servidor, el tama\u00f1o del archivo obtenido en respuesta, el c\u00f3digo num\u00e9rico que indica el estado de la respuesta dada por el servidor (correcta, error, etc.) y otros par\u00e1metros relativos al sistema operativo utilizado. Estos datos se utilizan \u00fanicamente con el fin de obtener informaci\u00f3n estad\u00edstica an\u00f3nima sobre el uso del Sitio web y controlar su correcto funcionamiento, y se eliminan inmediatamente despu\u00e9s del tratamiento. Los datos podr\u00edan utilizarse para determinar responsabilidades en caso de posibles delitos inform\u00e1ticos contra el Sitio web.<\/p>\n\n\n\n<p>El Sitio web, adem\u00e1s, utiliza <em>cookies<\/em> y otras herramientas de seguimiento. Se remite a la pol\u00edtica de cookies disponible en el siguiente <em><a href=\"https:\/\/cimolai.com\/it\/cookie-policy\/\" target=\"_blank\" rel=\"noopener\">https:\/\/cimolai.com\/it\/cookie-policy\/<\/a><\/em>, as\u00ed como al correspondiente panel de control disponible en el siguiente <em>enlace<\/em>, para obtener informaci\u00f3n adicional y gestionar en cualquier momento sus preferencias al respecto.<\/p>\n\n\n\n<p>A continuaci\u00f3n se muestran de forma esquem\u00e1tica los tratamientos realizados por la Sociedad.<\/p>\n\n\n\n<figure class=\"wp-block-table\">\n<table class=\"has-fixed-layout\">\n<tbody>\n<tr>\n<td> <\/td>\n<td><strong>Finalidad del tratamiento<\/strong><\/td>\n<td><strong>Categor\u00edas de datos tratados<\/strong><\/td>\n<td><strong>Base jur\u00eddica y suministro de datos<\/strong><\/td>\n<td><strong>Periodo de conservaci\u00f3n<\/strong><\/td>\n<\/tr>\n<tr>\n<td><br \/><br \/><br \/><br \/><br \/><br \/><br \/><strong>1<\/strong><\/td>\n<td><strong>Respuesta a las solicitudes del interesado.<\/strong>Los datos personales proporcionados por el usuario a trav\u00e9s de los formularios de contacto presentes en el Sitio web se tratar\u00e1n \u00fanicamente con el fin de responder a las solicitudes enviadas y proporcionar posibles aclaraciones o informaci\u00f3n. Dichos datos tambi\u00e9n podr\u00e1n utilizarse para dar seguimiento a posibles solicitudes formales presentadas por el interesado de conformidad con la normativa aplicable en materia de protecci\u00f3n de datos personales.<\/td>\n<td>Nombre y apellidosDirecci\u00f3n de correo electr\u00f3nicoN\u00famero de tel\u00e9fono, si se indicaDatos personales adicionales contenidos en el mensaje de solicitud<\/td>\n<td>Ejecuci\u00f3n de un contrato del que el Usuario es parte, art. 6 (1) (b) RGPD.<br \/>El suministro de los datos es necesario, ya que de lo contrario la Sociedad no podr\u00e1 proporcionar una respuesta.<\/td>\n<td>Los datos se eliminar\u00e1n 6 meses despu\u00e9s de su recogida.<\/td>\n<\/tr>\n<tr>\n<td><br \/><br \/><br \/><br \/><br \/><br \/><br \/><br \/><br \/><br \/><br \/><br \/><br \/><br \/><br \/><strong>2<\/strong><\/td>\n<td><strong>Publicidad en l\u00ednea<\/strong>En caso de interacci\u00f3n con las p\u00e1ginas sociales, si el Usuario ha dado su consentimiento para el uso de cookies de perfilado en el Sitio web, la Sociedad podr\u00e1 tratar los datos personales para mostrar al Usuario anuncios de marketing y contenidos coherentes con sus intereses, sobre la base de las preferencias y h\u00e1bitos de consumo identificados mediante cookies y\/u otros sistemas de seguimiento de los gestores de redes sociales, como Meta, y\/o tras el an\u00e1lisis que las propias redes sociales realizan sobre sus usuarios.En particular, la Sociedad podr\u00e1 mostrar, a trav\u00e9s de plataformas digitales, contenidos de marketing personalizado en funci\u00f3n de los intereses o del comportamiento del Usuario, sobre la base de toda la informaci\u00f3n que pueda recogerse en virtud de la actividad de perfilado realizada en el Sitio web y compartirse con plataformas digitales, o utilizando las herramientas puestas a disposici\u00f3n por las redes sociales.<\/td>\n<td>Datos de contacto, en particular la direcci\u00f3n de correo electr\u00f3nico.<br \/>Datos comunicados durante la interacci\u00f3n con las P\u00e1ginas Sociales, como la informaci\u00f3n proporcionada por el Usuario a la red social en funci\u00f3n de la configuraci\u00f3n de privacidad seleccionada en dicha red social.<br \/>Datos recogidos mediante cookies, cuyos detalles est\u00e1n disponibles en la Pol\u00edtica de Cookies: https:\/\/cimolai.com\/it\/cookie-policy\/.<\/td>\n<td>Consentimiento, art. 6 (1) (a) RGPD.<br \/>En este caso, el consentimiento se presta mediante el banner espec\u00edfico presente al acceder al Sitio web y puede ser revocado en cualquier momento seg\u00fan las modalidades indicadas en el panel de control de las propias cookies.<\/td>\n<td>Para los plazos de conservaci\u00f3n de las cookies se remite a lo descrito con mayor detalle en la Pol\u00edtica de Cookies: https:\/\/cimolai.com\/it\/cookie-policy\/<\/td>\n<\/tr>\n<tr>\n<td><br \/><br \/><br \/><br \/><br \/><br \/><strong>3<\/strong><\/td>\n<td><strong>Defender sus propios derechos.<\/strong>La Sociedad podr\u00e1 tratar los datos personales para defender sus derechos en procedimientos judiciales, administrativos o extrajudiciales y en el marco de controversias surgidas en relaci\u00f3n con los Servicios.<\/td>\n<td>Seg\u00fan el caso, se tratar\u00e1n los datos personales recogidos para las finalidades 1 a 3.<\/td>\n<td>Inter\u00e9s leg\u00edtimo de la Sociedad en proteger sus derechos, art. 6 (1) (f) RGPD.<br \/>No se requiere un nuevo y espec\u00edfico suministro de datos, ya que la Sociedad perseguir\u00e1 esta finalidad adicional, cuando sea necesario, tratando los datos recogidos para las finalidades indicadas anteriormente.<\/td>\n<td>Los datos se conservar\u00e1n durante el tiempo necesario para perseguir la protecci\u00f3n del derecho.<\/td>\n<\/tr>\n<tr>\n<td><br \/><br \/><br \/><br \/><br \/><strong>4<\/strong><\/td>\n<td><strong>Cumplir obligaciones legales.<\/strong>La Sociedad podr\u00e1 tratar los datos personales para cumplir las obligaciones a las que est\u00e1 sujeta previstas por leyes, reglamentos o normativa comunitaria, por disposiciones\/solicitudes de autoridades legalmente legitimadas para ello y\/o por \u00f3rganos de supervisi\u00f3n y control.<\/td>\n<td>Seg\u00fan la necesidad, se tratar\u00e1n los datos personales recogidos para las finalidades 1 a 3.<\/td>\n<td>Cumplimiento de una obligaci\u00f3n legal, art. 6 (1) (c) RGPD.<br \/>El suministro de los datos personales para esta finalidad es obligatorio, ya que de lo contrario la Sociedad se encontrar\u00eda en la imposibilidad de cumplir obligaciones legales espec\u00edficas.<\/td>\n<td>El tiempo necesario para dar curso a la solicitud.<\/td>\n<\/tr>\n<\/tbody>\n<\/table>\n<\/figure>\n\n\n\n<ol class=\"wp-block-list\" start=\"3\">\n<li><strong>C\u00f3mo mantenemos seguros los datos personales<\/strong><\/li>\n<\/ol>\n\n\n\n<p>La Sociedad adopta medidas de seguridad adecuadas con el fin de garantizar la protecci\u00f3n, seguridad, integridad y accesibilidad de los datos personales de los Usuarios. Las medidas de seguridad oportunas est\u00e1n destinadas a impedir el acceso, divulgaci\u00f3n, modificaci\u00f3n o destrucci\u00f3n no autorizados de los datos personales.<\/p>\n\n\n\n<p>Todos los datos personales se conservan en los dispositivos inform\u00e1ticos protegidos de la Sociedad, o en copias en papel debidamente archivadas, o en los de nuestros proveedores, y son accesibles y utilizables de conformidad con nuestros est\u00e1ndares y pol\u00edticas de seguridad, o est\u00e1ndares equivalentes para nuestros proveedores.<\/p>\n\n\n\n<ol class=\"wp-block-list\" start=\"4\">\n<li><strong>Durante cu\u00e1nto tiempo conservamos los datos personales<\/strong><\/li>\n<\/ol>\n\n\n\n<p>La Sociedad conserva los datos personales del Usuario solo durante el tiempo necesario para alcanzar las finalidades para las que fueron recogidos o para cualquier otra finalidad leg\u00edtima relacionada.<\/p>\n\n\n\n<p>Los datos personales que ya no sean necesarios, o para los que ya no exista una base jur\u00eddica para su conservaci\u00f3n, ser\u00e1n anonimizados de forma irreversible o destruidos de manera segura.<\/p>\n\n\n\n<p>Si el tratamiento de los datos personales responde a varias finalidades, estos ser\u00e1n eliminados o anonimizados tan pronto como haya transcurrido el plazo de conservaci\u00f3n relativo a la \u00faltima finalidad.<\/p>\n\n\n\n<p>En la tabla del p\u00e1rrafo 2 se indican los tiempos de conservaci\u00f3n previstos para cada finalidad.<\/p>\n\n\n\n<ol class=\"wp-block-list\" start=\"5\">\n<li><strong>Con qui\u00e9n podemos compartir los datos personales<\/strong><\/li>\n<\/ol>\n\n\n\n<p>A los datos personales pueden acceder los empleados de la Sociedad debidamente autorizados, as\u00ed como los proveedores externos, nombrados, si es necesario, encargados del tratamiento, que prestan apoyo para la prestaci\u00f3n de los Servicios, incluidos los necesarios para el funcionamiento de la App.<\/p>\n\n\n\n<p>Es posible contactar con la Sociedad en la siguiente direcci\u00f3n GDPR@cimolai.com para solicitar consultar la lista de encargados del tratamiento y de los dem\u00e1s sujetos a los que comunicamos los datos.<\/p>\n\n\n\n<ol class=\"wp-block-list\" start=\"6\">\n<li><strong>Transferencias a terceros pa\u00edses<\/strong><\/li>\n<\/ol>\n\n\n\n<p>Sus datos personales ser\u00e1n tratados principalmente dentro del Espacio Econ\u00f3mico Europeo (EEE). No obstante, el uso de determinadas herramientas por parte de la Sociedad puede implicar, aunque sea de forma residual, una transferencia de los mismos a sujetos establecidos en pa\u00edses que no pertenecen a la Uni\u00f3n Europea (UE) ni al EEE (en adelante, los \u201c<strong>Terceros Pa\u00edses<\/strong>\u201d). En cualquier caso, dicha transferencia se realiza de conformidad con lo previsto en el Cap\u00edtulo V del RGPD.<\/p>\n\n\n\n<p>Dichos sujetos externos tratar\u00e1n los datos personales como responsables aut\u00f3nomos del tratamiento o como encargados del tratamiento, debidamente nombrados por la Sociedad de conformidad con la normativa en materia de protecci\u00f3n de datos personales, seg\u00fan el papel que desempe\u00f1en en relaci\u00f3n con el tratamiento.<\/p>\n\n\n\n<p>Puede escribir a la Sociedad en cualquier momento, utilizando los datos de contacto indicados a continuaci\u00f3n, solicitando cu\u00e1les son los sujetos a los que se transmiten los datos personales y recibir copia de las garant\u00edas adoptadas para la transferencia.<\/p>\n\n\n\n<ol class=\"wp-block-list\" start=\"7\">\n<li><strong>Derechos en materia de protecci\u00f3n de datos personales y derecho a presentar reclamaciones ante la Autoridad de Control<\/strong><\/li>\n<\/ol>\n\n\n\n<p>Cada Usuario tiene derecho a solicitar a la Sociedad, previa existencia de la base jur\u00eddica que sustente la solicitud:<\/p>\n\n\n\n<ol class=\"wp-block-list\">\n<li>el acceso a los datos personales, seg\u00fan lo previsto en el art. 15 del RGPD;<\/li>\n\n\n\n<li>la rectificaci\u00f3n o integraci\u00f3n de los datos personales en poder de la Sociedad que se consideren inexactos, seg\u00fan lo previsto en el art. 16 del RGPD;<\/li>\n\n\n\n<li>la supresi\u00f3n de los datos personales para los que la Sociedad ya no tenga ninguna base jur\u00eddica para el tratamiento, seg\u00fan lo previsto en el art. 17 del RGPD;<\/li>\n\n\n\n<li>la limitaci\u00f3n del modo en que se tratan los datos personales, cuando concurra alguna de las hip\u00f3tesis previstas en el art. 18 del RGPD;<\/li>\n\n\n\n<li>la copia de los datos personales proporcionados a la Sociedad, en un formato estructurado, de uso com\u00fan y legible por m\u00e1quina, y la transmisi\u00f3n de dichos datos a otro responsable del tratamiento, denominada portabilidad, seg\u00fan lo previsto en el art. 20 del RGPD;<\/li>\n\n\n\n<li>la revocaci\u00f3n del consentimiento, cuando el tratamiento se base en dicha base jur\u00eddica.<\/li>\n<\/ol>\n\n\n\n<p><strong>Derecho de oposici\u00f3n<\/strong>: adem\u00e1s de los derechos enumerados anteriormente, el Usuario siempre tiene la facultad de oponerse en cualquier momento al tratamiento de los datos personales realizado por la Sociedad para la persecuci\u00f3n de su inter\u00e9s leg\u00edtimo.<\/p>\n\n\n\n<p>En caso de ejercicio de los derechos descritos anteriormente, la Sociedad tratar\u00e1 los datos personales que eventualmente proporcione el Usuario exclusivamente para responder al mismo. Los datos as\u00ed tratados se conservar\u00e1n posteriormente en un archivo espec\u00edfico durante 2 a\u00f1os desde el env\u00edo de la \u00faltima respuesta por parte de la Sociedad.<\/p>\n\n\n\n<p>El ejercicio de estos derechos, que puede realizarse a trav\u00e9s de los datos de contacto de la Sociedad indicados en el p\u00e1rrafo 1, es gratuito y no est\u00e1 sujeto a requisitos formales. Corresponder\u00e1 a la Sociedad verificar que el Usuario est\u00e1 legitimado para ejercer el derecho correspondiente y responder, por regla general, en el plazo de un mes.<\/p>\n\n\n\n<p>En caso de que el Usuario considere que el tratamiento de sus datos personales se realiza en violaci\u00f3n de lo previsto por el RGPD, tiene derecho a presentar una reclamaci\u00f3n ante el Garante per la protezione dei dati personali, utilizando los datos disponibles en el sitio web <a href=\"https:\/\/www.garanteprivacy.it\" target=\"_blank\" rel=\"noopener\">www.garanteprivacy.it<\/a>, o a acudir a los \u00f3rganos jurisdiccionales competentes.<\/p>\n\n\n\n<p>Fecha de \u00faltima actualizaci\u00f3n: mayo de 2026<\/p>\n\t\t\t\t\t\t\t\t<\/div>\n\t\t\t\t<\/div>\n\t\t\t\t\t<\/div>\n\t\t\t\t<\/div>\n\t\t\t\t<\/div>","protected":false},"excerpt":{"rendered":"<p>Informativa per il trattamento dei dati personali degli utenti del sito web\u00a0 ai sensi dell\u2019art. 13 del Regolamento UE n. 2016\/679 (\u201cGDPR\u201d) La societ\u00e0 Cimolai S.p.A., pone la massima attenzione alla sicurezza e alla riservatezza dei dati personali degli utenti (di seguito, gli \u201cUtenti\u201d o \u201cUtente\u201d al singolare) del sito web https:\/\/www.cimolai.com(di seguito, il \u201cSito [&hellip;]<\/p>\n","protected":false},"author":1,"featured_media":1074,"parent":0,"menu_order":0,"comment_status":"closed","ping_status":"closed","template":"","meta":{"_acf_changed":false,"footnotes":""},"class_list":["post-6807","page","type-page","status-publish","has-post-thumbnail","hentry"],"acf":[],"_links":{"self":[{"href":"https:\/\/www.cimolai.com\/es\/wp-json\/wp\/v2\/pages\/6807","targetHints":{"allow":["GET"]}}],"collection":[{"href":"https:\/\/www.cimolai.com\/es\/wp-json\/wp\/v2\/pages"}],"about":[{"href":"https:\/\/www.cimolai.com\/es\/wp-json\/wp\/v2\/types\/page"}],"author":[{"embeddable":true,"href":"https:\/\/www.cimolai.com\/es\/wp-json\/wp\/v2\/users\/1"}],"replies":[{"embeddable":true,"href":"https:\/\/www.cimolai.com\/es\/wp-json\/wp\/v2\/comments?post=6807"}],"version-history":[{"count":12,"href":"https:\/\/www.cimolai.com\/es\/wp-json\/wp\/v2\/pages\/6807\/revisions"}],"predecessor-version":[{"id":7854,"href":"https:\/\/www.cimolai.com\/es\/wp-json\/wp\/v2\/pages\/6807\/revisions\/7854"}],"wp:featuredmedia":[{"embeddable":true,"href":"https:\/\/www.cimolai.com\/es\/wp-json\/wp\/v2\/media\/1074"}],"wp:attachment":[{"href":"https:\/\/www.cimolai.com\/es\/wp-json\/wp\/v2\/media?parent=6807"}],"curies":[{"name":"wp","href":"https:\/\/api.w.org\/{rel}","templated":true}]}}