{"id":808,"date":"2025-06-24T15:09:54","date_gmt":"2025-06-24T15:09:54","guid":{"rendered":"https:\/\/cimolai.gruppoyec.it\/?page_id=808"},"modified":"2026-05-14T14:39:50","modified_gmt":"2026-05-14T14:39:50","slug":"telescopios","status":"publish","type":"page","link":"https:\/\/www.cimolai.com\/es\/aree-di-business\/telescopi\/","title":{"rendered":"Telescopios"},"content":{"rendered":"<div data-elementor-type=\"wp-page\" data-elementor-id=\"808\" class=\"elementor elementor-808\" data-elementor-post-type=\"page\">\n\t\t\t\t<div data-yec-lazyload-case=\"dynamic-bg\" class=\"elementor-element elementor-element-d7823f7 e-con-full e-flex e-con e-parent\" data-id=\"d7823f7\" data-element_type=\"container\" data-e-type=\"container\" data-settings=\"{&quot;background_background&quot;:&quot;classic&quot;}\">\n\t\t\t\t<div class=\"elementor-element elementor-element-f718a3c elementor-absolute elementor-widget elementor-widget-text-editor\" data-id=\"f718a3c\" data-element_type=\"widget\" data-e-type=\"widget\" data-settings=\"{&quot;_position&quot;:&quot;absolute&quot;}\" data-widget_type=\"text-editor.default\">\n\t\t\t\t<div class=\"elementor-widget-container\">\n\t\t\t\t\t\t\t\t\t<p>photo credits ESO<\/p>\t\t\t\t\t\t\t\t<\/div>\n\t\t\t\t<\/div>\n\t\t<div class=\"elementor-element elementor-element-7919e8f drop-shadow-md-dark-blue e-flex e-con-boxed e-con e-child\" data-id=\"7919e8f\" data-element_type=\"container\" data-e-type=\"container\">\n\t\t\t\t\t<div class=\"e-con-inner\">\n\t\t<div class=\"elementor-element elementor-element-20236d1 e-con-full drop-shadow-lg-dark-blue e-flex e-con e-child\" data-id=\"20236d1\" data-element_type=\"container\" data-e-type=\"container\">\n\t\t\t\t<div class=\"elementor-element elementor-element-c361753 elementor-widget elementor-widget-heading\" data-id=\"c361753\" data-element_type=\"widget\" data-e-type=\"widget\" data-widget_type=\"heading.default\">\n\t\t\t\t<div class=\"elementor-widget-container\">\n\t\t\t\t\t<h1 class=\"elementor-heading-title elementor-size-default\">Telescopios<\/h1>\t\t\t\t<\/div>\n\t\t\t\t<\/div>\n\t\t\t\t<div class=\"elementor-element elementor-element-a9c6d89 elementor-hidden-mobile elementor-widget elementor-widget-text-editor\" data-id=\"a9c6d89\" data-element_type=\"widget\" data-e-type=\"widget\" data-widget_type=\"text-editor.default\">\n\t\t\t\t<div class=\"elementor-widget-container\">\n\t\t\t\t\t\t\t\t\tLa experiencia adquirida en la realizaci\u00f3n de estructuras complejas y de alta precisi\u00f3n permite a Cimolai afrontar desaf\u00edos \u00fanicos, transformando la competencia t\u00e9cnica en conocimiento y progreso.\t\t\t\t\t\t\t\t<\/div>\n\t\t\t\t<\/div>\n\t\t\t\t<\/div>\n\t\t\t\t\t<\/div>\n\t\t\t\t<\/div>\n\t\t\t\t<\/div>\n\t\t<div class=\"elementor-element elementor-element-b045986 elementor-hidden-desktop elementor-hidden-laptop elementor-hidden-tablet e-flex e-con-boxed e-con e-parent\" data-id=\"b045986\" data-element_type=\"container\" data-e-type=\"container\">\n\t\t\t\t\t<div class=\"e-con-inner\">\n\t\t<div class=\"elementor-element elementor-element-3b7cb10 e-con-full e-flex e-con e-child\" data-id=\"3b7cb10\" data-element_type=\"container\" data-e-type=\"container\">\n\t\t\t\t<div class=\"elementor-element elementor-element-528e83b elementor-widget elementor-widget-text-editor\" data-id=\"528e83b\" data-element_type=\"widget\" data-e-type=\"widget\" data-widget_type=\"text-editor.default\">\n\t\t\t\t<div class=\"elementor-widget-container\">\n\t\t\t\t\t\t\t\t\tLa experiencia adquirida en la realizaci\u00f3n de estructuras complejas y de alta precisi\u00f3n permite a Cimolai afrontar desaf\u00edos \u00fanicos, transformando la competencia t\u00e9cnica en conocimiento y progreso.\t\t\t\t\t\t\t\t<\/div>\n\t\t\t\t<\/div>\n\t\t\t\t<\/div>\n\t\t\t\t\t<\/div>\n\t\t\t\t<\/div>\n\t\t<div class=\"elementor-element elementor-element-22ecd24 e-flex e-con-boxed e-con e-parent\" data-id=\"22ecd24\" data-element_type=\"container\" data-e-type=\"container\">\n\t\t\t\t\t<div class=\"e-con-inner\">\n\t\t<div class=\"elementor-element elementor-element-78b9af2 e-con-full e-flex e-con e-child\" data-id=\"78b9af2\" data-element_type=\"container\" data-e-type=\"container\">\n\t\t<div class=\"elementor-element elementor-element-661141a e-con-full e-flex e-con e-child\" data-id=\"661141a\" data-element_type=\"container\" data-e-type=\"container\">\n\t\t\t\t<div class=\"elementor-element elementor-element-ca18b55 elementor-widget elementor-widget-heading\" data-id=\"ca18b55\" data-element_type=\"widget\" data-e-type=\"widget\" data-widget_type=\"heading.default\">\n\t\t\t\t<div class=\"elementor-widget-container\">\n\t\t\t\t\t<h3 class=\"elementor-heading-title elementor-size-default\">Introducci\u00f3n<\/h3>\t\t\t\t<\/div>\n\t\t\t\t<\/div>\n\t\t<div class=\"elementor-element elementor-element-108b061 e-con-full e-flex e-con e-child\" data-id=\"108b061\" data-element_type=\"container\" data-e-type=\"container\">\n\t\t\t\t<div class=\"elementor-element elementor-element-5e48005 elementor-widget elementor-widget-heading\" data-id=\"5e48005\" data-element_type=\"widget\" data-e-type=\"widget\" data-widget_type=\"heading.default\">\n\t\t\t\t<div class=\"elementor-widget-container\">\n\t\t\t\t\t<span class=\"elementor-heading-title elementor-size-default\">Construir la mirada hacia el universo<\/span>\t\t\t\t<\/div>\n\t\t\t\t<\/div>\n\t\t\t\t<div class=\"elementor-element elementor-element-176174b elementor-widget elementor-widget-text-editor\" data-id=\"176174b\" data-element_type=\"widget\" data-e-type=\"widget\" data-widget_type=\"text-editor.default\">\n\t\t\t\t<div class=\"elementor-widget-container\">\n\t\t\t\t\t\t\t\t\t<p class=\"translation-block\"><span style=\"font-weight: 400\">En Cimolai, la innovaci\u00f3n nace del encuentro entre la ingenier\u00eda y la curiosidad cient\u00edfica, entre la industria y la investigaci\u00f3n.<\/span><span style=\"font-weight: 400\"><br><\/span><span style=\"font-weight: 400\">Operar en el sector aeroespacial significa poner la experiencia de la empresa al servicio del conocimiento, colaborando con centros de investigaci\u00f3n, universidades e instituciones cient\u00edficas para realizar infraestructuras al servicio de la observaci\u00f3n astron\u00f3mica y espacial internacional.<\/span><\/p><p class=\"translation-block\"><span style=\"font-weight: 400\">Construir los \u201cojos\u201d que exploran el universo, telescopios de gran tama\u00f1o, significa dar forma a la innovaci\u00f3n: transformar la ingenier\u00eda en descubrimiento, la mec\u00e1nica en conocimiento y el trabajo humano en maravilla.<\/span><span style=\"font-weight: 400\"><br><\/span><span style=\"font-weight: 400\">Realizar instrumentos capaces de mirar lejos en el espacio significa contribuir a un futuro m\u00e1s consciente, m\u00e1s curioso y, en definitiva, m\u00e1s humano.<\/span><\/p>\t\t\t\t\t\t\t\t<\/div>\n\t\t\t\t<\/div>\n\t\t\t\t<\/div>\n\t\t\t\t<\/div>\n\t\t<div data-yec-lazyload-case=\"static-bg\" data-yec-full-image=\"https:\/\/cimolai.com\/wp-content\/uploads\/2025\/12\/cimolai-aerospace-fafa4d831af5ea2ca7e14ea1dff23ee374f182fd-1536x864.jpg\" class=\"elementor-element elementor-element-27462c3 e-con-full e-flex e-con e-child\" data-id=\"27462c3\" data-element_type=\"container\" data-e-type=\"container\" data-settings=\"{&quot;background_background&quot;:&quot;classic&quot;}\">\n\t\t\t\t<div class=\"elementor-element elementor-element-06f4f87 elementor-widget elementor-widget-spacer\" data-id=\"06f4f87\" data-element_type=\"widget\" data-e-type=\"widget\" data-widget_type=\"spacer.default\">\n\t\t\t\t<div class=\"elementor-widget-container\">\n\t\t\t\t\t\t\t<div class=\"elementor-spacer\">\n\t\t\t<div class=\"elementor-spacer-inner\"><\/div>\n\t\t<\/div>\n\t\t\t\t\t\t<\/div>\n\t\t\t\t<\/div>\n\t\t\t\t<\/div>\n\t\t\t\t<\/div>\n\t\t\t\t\t<\/div>\n\t\t\t\t<\/div>\n\t\t<div class=\"elementor-element elementor-element-97175e0 e-flex e-con-boxed e-con e-parent\" data-id=\"97175e0\" data-element_type=\"container\" data-e-type=\"container\" data-settings=\"{&quot;background_background&quot;:&quot;classic&quot;}\">\n\t\t\t\t\t<div class=\"e-con-inner\">\n\t\t\t\t<div class=\"elementor-element elementor-element-925604a elementor-widget elementor-widget-heading\" data-id=\"925604a\" data-element_type=\"widget\" data-e-type=\"widget\" data-widget_type=\"heading.default\">\n\t\t\t\t<div class=\"elementor-widget-container\">\n\t\t\t\t\t<h3 class=\"elementor-heading-title elementor-size-default\">Proyectos<\/h3>\t\t\t\t<\/div>\n\t\t\t\t<\/div>\n\t\t<div class=\"elementor-element elementor-element-b9f649e e-con-full e-flex e-con e-child\" data-id=\"b9f649e\" data-element_type=\"container\" data-e-type=\"container\">\n\t\t<div class=\"elementor-element elementor-element-86afb3c e-con-full e-flex e-con e-child\" data-id=\"86afb3c\" data-element_type=\"container\" data-e-type=\"container\">\n\t\t<div class=\"elementor-element elementor-element-460742f e-con-full e-flex e-con e-child\" data-id=\"460742f\" data-element_type=\"container\" data-e-type=\"container\">\n\t\t\t\t<div class=\"elementor-element elementor-element-fefd8b3 elementor-widget elementor-widget-heading\" data-id=\"fefd8b3\" data-element_type=\"widget\" data-e-type=\"widget\" data-widget_type=\"heading.default\">\n\t\t\t\t<div class=\"elementor-widget-container\">\n\t\t\t\t\t<h3 class=\"elementor-heading-title elementor-size-default\">ELT - Extremely Large Telescope<\/h3>\t\t\t\t<\/div>\n\t\t\t\t<\/div>\n\t\t\t\t<div class=\"elementor-element elementor-element-f1195fd elementor-widget elementor-widget-heading\" data-id=\"f1195fd\" data-element_type=\"widget\" data-e-type=\"widget\" data-widget_type=\"heading.default\">\n\t\t\t\t<div class=\"elementor-widget-container\">\n\t\t\t\t\t<h4 class=\"elementor-heading-title elementor-size-default\">El telescopio \u00f3ptico m\u00e1s grande del mundo para luz visible e infrarroja.<\/h4>\t\t\t\t<\/div>\n\t\t\t\t<\/div>\n\t\t\t\t<div class=\"elementor-element elementor-element-98eb889 elementor-widget elementor-widget-text-editor\" data-id=\"98eb889\" data-element_type=\"widget\" data-e-type=\"widget\" data-widget_type=\"text-editor.default\">\n\t\t\t\t<div class=\"elementor-widget-container\">\n\t\t\t\t\t\t\t\t\t<p><span style=\"font-weight: 400;\">El cielo estrellado recuerda cada d\u00eda hasta d\u00f3nde puede llegar el ingenio humano.<\/span><\/p><p><span style=\"font-weight: 400;\">Con esta visi\u00f3n, Cimolai est\u00e1 realizando el Extremely Large Telescope (ELT), el telescopio \u00f3ptico m\u00e1s grande jam\u00e1s construido para luz visible e infrarroja, dise\u00f1ado para observar, medir y comprender el cosmos.<\/span><\/p><p><span style=\"font-weight: 400;\">Equipado con un espejo primario de 39 metros e instrumentos cient\u00edficos de vanguardia, el ELT ofrecer\u00e1 una gama de posibilidades de investigaci\u00f3n sin precedentes.<\/span><span style=\"font-weight: 400;\"><br \/><\/span><\/p><p><span style=\"font-weight: 400;\">Situado a 3.064 metros de altitud en el Cerro Armazones, en los Andes chilenos, el telescopio, actualmente en construcci\u00f3n, ser\u00e1 gestionado por ESO (European Southern Observatory), con sede en Paranal.<\/span><\/p>\t\t\t\t\t\t\t\t<\/div>\n\t\t\t\t<\/div>\n\t\t\t\t<div class=\"elementor-element elementor-element-23b9985 hover-translateX elementor-widget elementor-widget-button\" data-id=\"23b9985\" data-element_type=\"widget\" data-e-type=\"widget\" data-widget_type=\"button.default\">\n\t\t\t\t<div class=\"elementor-widget-container\">\n\t\t\t\t\t\t\t\t\t<div class=\"elementor-button-wrapper\">\n\t\t\t\t\t<a class=\"elementor-button elementor-button-link elementor-size-sm\" href=\"https:\/\/www.cimolai.com\/es\/progetti\/telescopio-elt\/\">\n\t\t\t\t\t\t<span class=\"elementor-button-content-wrapper\">\n\t\t\t\t\t\t<span class=\"elementor-button-icon\">\n\t\t\t\t<svg xmlns=\"http:\/\/www.w3.org\/2000\/svg\" height=\"24px\" viewbox=\"0 -960 960 960\" width=\"24px\"><path d=\"m560-240-56-58 142-142H160v-80h486L504-662l56-58 240 240-240 240Z\"><\/path><\/svg>\t\t\t<\/span>\n\t\t\t\t\t\t\t\t\t<span class=\"elementor-button-text\">Descubre m\u00e1s<\/span>\n\t\t\t\t\t<\/span>\n\t\t\t\t\t<\/a>\n\t\t\t\t<\/div>\n\t\t\t\t\t\t\t\t<\/div>\n\t\t\t\t<\/div>\n\t\t\t\t<\/div>\n\t\t\t\t<\/div>\n\t\t<div data-yec-lazyload-case=\"static-bg\" data-yec-full-image=\"https:\/\/cimolai.com\/wp-content\/uploads\/2025\/12\/cimolai-elt-96b8f623655b4191d933e7deedb790010fac5ceb-scaled.jpg\" class=\"elementor-element elementor-element-5ed3cfd e-con-full e-flex e-con e-child\" data-id=\"5ed3cfd\" data-element_type=\"container\" data-e-type=\"container\" data-settings=\"{&quot;background_background&quot;:&quot;classic&quot;}\">\n\t\t\t\t<div class=\"elementor-element elementor-element-5719ba8 elementor-widget elementor-widget-spacer\" data-id=\"5719ba8\" data-element_type=\"widget\" data-e-type=\"widget\" data-widget_type=\"spacer.default\">\n\t\t\t\t<div class=\"elementor-widget-container\">\n\t\t\t\t\t\t\t<div class=\"elementor-spacer\">\n\t\t\t<div class=\"elementor-spacer-inner\"><\/div>\n\t\t<\/div>\n\t\t\t\t\t\t<\/div>\n\t\t\t\t<\/div>\n\t\t\t\t<\/div>\n\t\t\t\t<\/div>\n\t\t\t\t<div class=\"elementor-element elementor-element-9ebf2c3 elementor-widget-divider--view-line elementor-widget elementor-widget-divider\" data-id=\"9ebf2c3\" data-element_type=\"widget\" data-e-type=\"widget\" data-widget_type=\"divider.default\">\n\t\t\t\t<div class=\"elementor-widget-container\">\n\t\t\t\t\t\t\t<div class=\"elementor-divider\">\n\t\t\t<span class=\"elementor-divider-separator\">\n\t\t\t\t\t\t<\/span>\n\t\t<\/div>\n\t\t\t\t\t\t<\/div>\n\t\t\t\t<\/div>\n\t\t<div class=\"elementor-element elementor-element-d7f1118 e-con-full e-flex e-con e-child\" data-id=\"d7f1118\" data-element_type=\"container\" data-e-type=\"container\">\n\t\t<div class=\"elementor-element elementor-element-5d34c1e e-con-full e-flex e-con e-child\" data-id=\"5d34c1e\" data-element_type=\"container\" data-e-type=\"container\">\n\t\t<div class=\"elementor-element elementor-element-a7f4c8a e-con-full e-flex e-con e-child\" data-id=\"a7f4c8a\" data-element_type=\"container\" data-e-type=\"container\">\n\t\t\t\t<div class=\"elementor-element elementor-element-e7a2135 elementor-widget elementor-widget-heading\" data-id=\"e7a2135\" data-element_type=\"widget\" data-e-type=\"widget\" data-widget_type=\"heading.default\">\n\t\t\t\t<div class=\"elementor-widget-container\">\n\t\t\t\t\t<h3 class=\"elementor-heading-title elementor-size-default\">CTA+<\/h3>\t\t\t\t<\/div>\n\t\t\t\t<\/div>\n\t\t\t\t<div class=\"elementor-element elementor-element-2c3457e elementor-widget elementor-widget-heading\" data-id=\"2c3457e\" data-element_type=\"widget\" data-e-type=\"widget\" data-widget_type=\"heading.default\">\n\t\t\t\t<div class=\"elementor-widget-container\">\n\t\t\t\t\t<h4 class=\"elementor-heading-title elementor-size-default\">Dos Large Size Telescopes para la construcci\u00f3n del observatorio Cherenkov Telescope Array (CTA).<\/h4>\t\t\t\t<\/div>\n\t\t\t\t<\/div>\n\t\t\t\t<div class=\"elementor-element elementor-element-ebd2b5b elementor-widget elementor-widget-text-editor\" data-id=\"ebd2b5b\" data-element_type=\"widget\" data-e-type=\"widget\" data-widget_type=\"text-editor.default\">\n\t\t\t\t<div class=\"elementor-widget-container\">\n\t\t\t\t\t\t\t\t\t<p><span style=\"font-weight: 400;\">La contribuci\u00f3n italiana al desarrollo del gran observatorio Cherenkov Telescope Array (CTA), en el desierto chileno, es concreta: explorar el universo a muy altas energ\u00edas mediante la observaci\u00f3n de rayos gamma es un objetivo que hoy est\u00e1 tomando forma.<\/span><\/p><p><span style=\"font-weight: 400;\">Coordinado por el Instituto Nacional de Astrof\u00edsica (INAF), con la colaboraci\u00f3n del Instituto Nacional de F\u00edsica Nuclear (INFN), las Universidades de Bolonia, Bari, Siena y Palermo, y el Polit\u00e9cnico de Bari, el proyecto prev\u00e9 la construcci\u00f3n de dos telescopios de gran tama\u00f1o (Large Size Telescope).<\/span><\/p><p><span style=\"font-weight: 400;\">Con un di\u00e1metro de 24 metros y un peso de casi 100 toneladas cada uno, los telescopios podr\u00e1n orientarse r\u00e1pidamente y alcanzar cualquier punto del cielo en pocos segundos. Se instalar\u00e1n en el sitio sur del Observatorio CTA, en el desierto chileno.<\/span><span style=\"font-weight: 400;\"><br \/><\/span><\/p>\t\t\t\t\t\t\t\t<\/div>\n\t\t\t\t<\/div>\n\t\t\t\t<div class=\"elementor-element elementor-element-89846ad hover-translateX elementor-widget elementor-widget-button\" data-id=\"89846ad\" data-element_type=\"widget\" data-e-type=\"widget\" data-widget_type=\"button.default\">\n\t\t\t\t<div class=\"elementor-widget-container\">\n\t\t\t\t\t\t\t\t\t<div class=\"elementor-button-wrapper\">\n\t\t\t\t\t<a class=\"elementor-button elementor-button-link elementor-size-sm\" href=\"https:\/\/www.cimolai.com\/es\/progetti\/lst-telescopes-cta\/\">\n\t\t\t\t\t\t<span class=\"elementor-button-content-wrapper\">\n\t\t\t\t\t\t<span class=\"elementor-button-icon\">\n\t\t\t\t<svg xmlns=\"http:\/\/www.w3.org\/2000\/svg\" height=\"24px\" viewbox=\"0 -960 960 960\" width=\"24px\"><path d=\"m560-240-56-58 142-142H160v-80h486L504-662l56-58 240 240-240 240Z\"><\/path><\/svg>\t\t\t<\/span>\n\t\t\t\t\t\t\t\t\t<span class=\"elementor-button-text\">Descubre m\u00e1s<\/span>\n\t\t\t\t\t<\/span>\n\t\t\t\t\t<\/a>\n\t\t\t\t<\/div>\n\t\t\t\t\t\t\t\t<\/div>\n\t\t\t\t<\/div>\n\t\t\t\t<\/div>\n\t\t\t\t<\/div>\n\t\t<div data-yec-lazyload-case=\"static-bg\" data-yec-full-image=\"https:\/\/cimolai.com\/wp-content\/uploads\/2026\/05\/cta.jpg\" class=\"elementor-element elementor-element-e1f83b9 e-con-full e-flex e-con e-child\" data-id=\"e1f83b9\" data-element_type=\"container\" data-e-type=\"container\" data-settings=\"{&quot;background_background&quot;:&quot;classic&quot;}\">\n\t\t\t\t<div class=\"elementor-element elementor-element-93998c3 elementor-widget elementor-widget-spacer\" data-id=\"93998c3\" data-element_type=\"widget\" data-e-type=\"widget\" data-widget_type=\"spacer.default\">\n\t\t\t\t<div class=\"elementor-widget-container\">\n\t\t\t\t\t\t\t<div class=\"elementor-spacer\">\n\t\t\t<div class=\"elementor-spacer-inner\"><\/div>\n\t\t<\/div>\n\t\t\t\t\t\t<\/div>\n\t\t\t\t<\/div>\n\t\t\t\t<\/div>\n\t\t\t\t<\/div>\n\t\t\t\t\t<\/div>\n\t\t\t\t<\/div>\n\t\t<div class=\"elementor-element elementor-element-a91f309 e-con-full e-flex e-con e-parent\" data-id=\"a91f309\" data-element_type=\"container\" data-e-type=\"container\">\n\t\t\t\t<div class=\"elementor-element elementor-element-495640a elementor-widget elementor-widget-template\" data-id=\"495640a\" data-element_type=\"widget\" data-e-type=\"widget\" data-widget_type=\"template.default\">\n\t\t\t\t<div class=\"elementor-widget-container\">\n\t\t\t\t\t\t\t<div class=\"elementor-template\">\n\t\t\t\t\t<div data-elementor-type=\"container\" data-elementor-id=\"4881\" class=\"elementor elementor-4881\" data-elementor-post-type=\"elementor_library\">\n\t\t\t\t<div data-yec-lazyload-case=\"static-bg\" data-yec-full-image=\"https:\/\/cimolai.com\/wp-content\/uploads\/2026\/02\/Medio-Padana_stazione_Reggio-Emilia_01-scaled.jpg\" class=\"elementor-element elementor-element-68ce1331 e-flex e-con-boxed e-con e-parent\" data-id=\"68ce1331\" data-element_type=\"container\" data-e-type=\"container\" data-settings=\"{&quot;background_background&quot;:&quot;classic&quot;}\">\n\t\t\t\t\t<div class=\"e-con-inner\">\n\t\t\t\t<div class=\"elementor-element elementor-element-2c36556f drop-shadow-md-dark-blue elementor-widget elementor-widget-heading\" data-id=\"2c36556f\" data-element_type=\"widget\" data-e-type=\"widget\" data-widget_type=\"heading.default\">\n\t\t\t\t<div class=\"elementor-widget-container\">\n\t\t\t\t\t<h3 class=\"elementor-heading-title elementor-size-default\">Sostenibilidad<\/h3>\t\t\t\t<\/div>\n\t\t\t\t<\/div>\n\t\t<div class=\"elementor-element elementor-element-56515ae0 e-con-full e-flex e-con e-child\" data-id=\"56515ae0\" data-element_type=\"container\" data-e-type=\"container\">\n\t\t\t\t<div class=\"elementor-element elementor-element-7493a6a1 drop-shadow-md-dark-blue elementor-widget elementor-widget-heading\" data-id=\"7493a6a1\" data-element_type=\"widget\" data-e-type=\"widget\" data-widget_type=\"heading.default\">\n\t\t\t\t<div class=\"elementor-widget-container\">\n\t\t\t\t\t<p class=\"elementor-heading-title elementor-size-default\">Nuestro camino hacia la sostenibilidad<\/p>\t\t\t\t<\/div>\n\t\t\t\t<\/div>\n\t\t\t\t<div class=\"elementor-element elementor-element-1f2ef573 drop-shadow-md-dark-blue elementor-widget__width-initial elementor-widget elementor-widget-text-editor\" data-id=\"1f2ef573\" data-element_type=\"widget\" data-e-type=\"widget\" data-widget_type=\"text-editor.default\">\n\t\t\t\t<div class=\"elementor-widget-container\">\n\t\t\t\t\t\t\t\t\t<p>Por el medio ambiente, las personas y el territorio, con \u00e9tica y transparencia. Nuestro compromiso con un futuro m\u00e1s sostenible.<\/p>\t\t\t\t\t\t\t\t<\/div>\n\t\t\t\t<\/div>\n\t\t\t\t<div class=\"elementor-element elementor-element-1c6350c5 hover-translateX drop-shadow-md-dark-blue  link-decoration-underline underline-color-white underline-stroke-075 elementor-widget elementor-widget-button\" data-id=\"1c6350c5\" data-element_type=\"widget\" data-e-type=\"widget\" data-widget_type=\"button.default\">\n\t\t\t\t<div class=\"elementor-widget-container\">\n\t\t\t\t\t\t\t\t\t<div class=\"elementor-button-wrapper\">\n\t\t\t\t\t<a class=\"elementor-button elementor-button-link elementor-size-sm\" href=\"https:\/\/www.cimolai.com\/es\/sostenibilita\/\">\n\t\t\t\t\t\t<span class=\"elementor-button-content-wrapper\">\n\t\t\t\t\t\t<span class=\"elementor-button-icon\">\n\t\t\t\t<svg xmlns=\"http:\/\/www.w3.org\/2000\/svg\" height=\"24px\" viewbox=\"0 -960 960 960\" width=\"24px\"><path d=\"m560-240-56-58 142-142H160v-80h486L504-662l56-58 240 240-240 240Z\"><\/path><\/svg>\t\t\t<\/span>\n\t\t\t\t\t\t\t\t\t<span class=\"elementor-button-text\">Sostenibilidad<\/span>\n\t\t\t\t\t<\/span>\n\t\t\t\t\t<\/a>\n\t\t\t\t<\/div>\n\t\t\t\t\t\t\t\t<\/div>\n\t\t\t\t<\/div>\n\t\t\t\t<\/div>\n\t\t\t\t\t<\/div>\n\t\t\t\t<\/div>\n\t\t\t\t<\/div>\n\t\t\t\t<\/div>\n\t\t\t\t\t\t<\/div>\n\t\t\t\t<\/div>\n\t\t\t\t<\/div>\n\t\t\t\t<\/div>","protected":false},"excerpt":{"rendered":"<p>La experiencia adquirida en la realizaci\u00f3n de estructuras complejas y de alta precisi\u00f3n permite a Cimolai afrontar desaf\u00edos \u00fanicos, transformando la competencia t\u00e9cnica en conocimiento y progreso.<\/p>","protected":false},"author":1,"featured_media":5242,"parent":814,"menu_order":60,"comment_status":"closed","ping_status":"closed","template":"","meta":{"_acf_changed":false,"footnotes":""},"class_list":["post-808","page","type-page","status-publish","has-post-thumbnail","hentry"],"acf":[],"_links":{"self":[{"href":"https:\/\/www.cimolai.com\/es\/wp-json\/wp\/v2\/pages\/808","targetHints":{"allow":["GET"]}}],"collection":[{"href":"https:\/\/www.cimolai.com\/es\/wp-json\/wp\/v2\/pages"}],"about":[{"href":"https:\/\/www.cimolai.com\/es\/wp-json\/wp\/v2\/types\/page"}],"author":[{"embeddable":true,"href":"https:\/\/www.cimolai.com\/es\/wp-json\/wp\/v2\/users\/1"}],"replies":[{"embeddable":true,"href":"https:\/\/www.cimolai.com\/es\/wp-json\/wp\/v2\/comments?post=808"}],"version-history":[{"count":47,"href":"https:\/\/www.cimolai.com\/es\/wp-json\/wp\/v2\/pages\/808\/revisions"}],"predecessor-version":[{"id":7974,"href":"https:\/\/www.cimolai.com\/es\/wp-json\/wp\/v2\/pages\/808\/revisions\/7974"}],"up":[{"embeddable":true,"href":"https:\/\/www.cimolai.com\/es\/wp-json\/wp\/v2\/pages\/814"}],"wp:featuredmedia":[{"embeddable":true,"href":"https:\/\/www.cimolai.com\/es\/wp-json\/wp\/v2\/media\/5242"}],"wp:attachment":[{"href":"https:\/\/www.cimolai.com\/es\/wp-json\/wp\/v2\/media?parent=808"}],"curies":[{"name":"wp","href":"https:\/\/api.w.org\/{rel}","templated":true}]}}