{"id":4832,"date":"2025-11-26T11:40:12","date_gmt":"2025-11-26T11:40:12","guid":{"rendered":"https:\/\/sviluppo.cimolai.com\/?page_id=4832"},"modified":"2026-05-13T12:48:45","modified_gmt":"2026-05-13T12:48:45","slug":"travaillez-avec-nous","status":"publish","type":"page","link":"https:\/\/www.cimolai.com\/fr\/lavora-con-noi\/","title":{"rendered":"Travaillez avec nous"},"content":{"rendered":"<div data-elementor-type=\"wp-page\" data-elementor-id=\"4832\" class=\"elementor elementor-4832\" data-elementor-post-type=\"page\">\n\t\t\t\t<div data-yec-lazyload-case=\"dynamic-bg\" class=\"elementor-element elementor-element-68c80bb e-con-full e-flex e-con e-parent\" data-id=\"68c80bb\" data-element_type=\"container\" data-e-type=\"container\" data-settings=\"{&quot;background_background&quot;:&quot;classic&quot;}\">\n\t\t<div class=\"elementor-element elementor-element-cf6565f drop-shadow-md-dark-blue e-flex e-con-boxed e-con e-child\" data-id=\"cf6565f\" data-element_type=\"container\" data-e-type=\"container\">\n\t\t\t\t\t<div class=\"e-con-inner\">\n\t\t<div class=\"elementor-element elementor-element-8f6f3e5 e-con-full drop-shadow-lg-dark-blue e-flex e-con e-child\" data-id=\"8f6f3e5\" data-element_type=\"container\" data-e-type=\"container\">\n\t\t\t\t<div class=\"elementor-element elementor-element-355f2ae elementor-widget elementor-widget-heading\" data-id=\"355f2ae\" data-element_type=\"widget\" data-e-type=\"widget\" data-widget_type=\"heading.default\">\n\t\t\t\t<div class=\"elementor-widget-container\">\n\t\t\t\t\t<h1 class=\"elementor-heading-title elementor-size-default\">Travaillez avec nous<\/h1>\t\t\t\t<\/div>\n\t\t\t\t<\/div>\n\t\t\t\t<div class=\"elementor-element elementor-element-43c555f elementor-hidden-mobile elementor-widget elementor-widget-text-editor\" data-id=\"43c555f\" data-element_type=\"widget\" data-e-type=\"widget\" data-widget_type=\"text-editor.default\">\n\t\t\t\t<div class=\"elementor-widget-container\">\n\t\t\t\t\t\t\t\t\tLes personnes sont au c\u0153ur de notre succ\u00e8s. Que vous soyez au d\u00e9but de votre parcours ou un professionnel exp\u00e9riment\u00e9, votre potentiel est infini.\t\t\t\t\t\t\t\t<\/div>\n\t\t\t\t<\/div>\n\t\t\t\t<div class=\"elementor-element elementor-element-0ed0531 elementor-widget elementor-widget-spacer\" data-id=\"0ed0531\" data-element_type=\"widget\" data-e-type=\"widget\" data-widget_type=\"spacer.default\">\n\t\t\t\t<div class=\"elementor-widget-container\">\n\t\t\t\t\t\t\t<div class=\"elementor-spacer\">\n\t\t\t<div class=\"elementor-spacer-inner\"><\/div>\n\t\t<\/div>\n\t\t\t\t\t\t<\/div>\n\t\t\t\t<\/div>\n\t\t\t\t<div class=\"elementor-element elementor-element-9f6495e hover-translateX elementor-widget elementor-widget-button\" data-id=\"9f6495e\" data-element_type=\"widget\" data-e-type=\"widget\" data-widget_type=\"button.default\">\n\t\t\t\t<div class=\"elementor-widget-container\">\n\t\t\t\t\t\t\t\t\t<div class=\"elementor-button-wrapper\">\n\t\t\t\t\t<a class=\"elementor-button elementor-button-link elementor-size-sm\" href=\"http:\/\/cv.cimolai.com\/RecruitSelection\/servlet\/hvse_bstart?&#038;Theme=SpTheme_ZIP&#038;Parameter=PARAMDEFSE&#038;Company=001&#038;Idcompany=000000&#038;Language=ITA&#038;pProcedure=hvse_welcome&#038;pLogin=&#038;pFreeappl=S&#038;Idchannel\" target=\"_blank\" rel=\"noopener\">\n\t\t\t\t\t\t<span class=\"elementor-button-content-wrapper\">\n\t\t\t\t\t\t<span class=\"elementor-button-icon\">\n\t\t\t\t<svg xmlns=\"http:\/\/www.w3.org\/2000\/svg\" height=\"24px\" viewbox=\"0 -960 960 960\" width=\"24px\"><path d=\"m560-240-56-58 142-142H160v-80h486L504-662l56-58 240 240-240 240Z\"><\/path><\/svg>\t\t\t<\/span>\n\t\t\t\t\t\t\t\t\t<span class=\"elementor-button-text\">D\u00e9couvrez les postes ouverts<\/span>\n\t\t\t\t\t<\/span>\n\t\t\t\t\t<\/a>\n\t\t\t\t<\/div>\n\t\t\t\t\t\t\t\t<\/div>\n\t\t\t\t<\/div>\n\t\t\t\t<\/div>\n\t\t\t\t\t<\/div>\n\t\t\t\t<\/div>\n\t\t\t\t<\/div>\n\t\t<div class=\"elementor-element elementor-element-8d44985 elementor-hidden-desktop elementor-hidden-laptop elementor-hidden-tablet e-flex e-con-boxed e-con e-parent\" data-id=\"8d44985\" data-element_type=\"container\" data-e-type=\"container\">\n\t\t\t\t\t<div class=\"e-con-inner\">\n\t\t<div class=\"elementor-element elementor-element-e8ccd51 e-con-full e-flex e-con e-child\" data-id=\"e8ccd51\" data-element_type=\"container\" data-e-type=\"container\">\n\t\t\t\t<div class=\"elementor-element elementor-element-50f6006 elementor-widget elementor-widget-text-editor\" data-id=\"50f6006\" data-element_type=\"widget\" data-e-type=\"widget\" data-widget_type=\"text-editor.default\">\n\t\t\t\t<div class=\"elementor-widget-container\">\n\t\t\t\t\t\t\t\t\tLes personnes sont au c\u0153ur de notre succ\u00e8s. Que vous soyez au d\u00e9but de votre parcours ou un professionnel exp\u00e9riment\u00e9, votre potentiel est infini.\t\t\t\t\t\t\t\t<\/div>\n\t\t\t\t<\/div>\n\t\t\t\t<div class=\"elementor-element elementor-element-5537882 hover-translateX elementor-widget elementor-widget-button\" data-id=\"5537882\" data-element_type=\"widget\" data-e-type=\"widget\" data-widget_type=\"button.default\">\n\t\t\t\t<div class=\"elementor-widget-container\">\n\t\t\t\t\t\t\t\t\t<div class=\"elementor-button-wrapper\">\n\t\t\t\t\t<a class=\"elementor-button elementor-button-link elementor-size-sm\" href=\"https:\/\/candidati.cimolai.com\" target=\"_blank\" rel=\"noopener\">\n\t\t\t\t\t\t<span class=\"elementor-button-content-wrapper\">\n\t\t\t\t\t\t<span class=\"elementor-button-icon\">\n\t\t\t\t<svg xmlns=\"http:\/\/www.w3.org\/2000\/svg\" height=\"24px\" viewbox=\"0 -960 960 960\" width=\"24px\"><path d=\"m560-240-56-58 142-142H160v-80h486L504-662l56-58 240 240-240 240Z\"><\/path><\/svg>\t\t\t<\/span>\n\t\t\t\t\t\t\t\t\t<span class=\"elementor-button-text\">D\u00e9couvrez les postes ouverts<\/span>\n\t\t\t\t\t<\/span>\n\t\t\t\t\t<\/a>\n\t\t\t\t<\/div>\n\t\t\t\t\t\t\t\t<\/div>\n\t\t\t\t<\/div>\n\t\t\t\t<\/div>\n\t\t\t\t\t<\/div>\n\t\t\t\t<\/div>\n\t\t<div class=\"elementor-element elementor-element-b07e6c2 e-flex e-con-boxed e-con e-parent\" data-id=\"b07e6c2\" data-element_type=\"container\" data-e-type=\"container\">\n\t\t\t\t\t<div class=\"e-con-inner\">\n\t\t\t\t<div class=\"elementor-element elementor-element-63ca464 elementor-widget elementor-widget-heading\" data-id=\"63ca464\" data-element_type=\"widget\" data-e-type=\"widget\" data-widget_type=\"heading.default\">\n\t\t\t\t<div class=\"elementor-widget-container\">\n\t\t\t\t\t<h2 class=\"elementor-heading-title elementor-size-default\">Il nostro successo parla di persone<\/h2>\t\t\t\t<\/div>\n\t\t\t\t<\/div>\n\t\t\t\t<div class=\"elementor-element elementor-element-c924143 elementor-widget elementor-widget-text-editor\" data-id=\"c924143\" data-element_type=\"widget\" data-e-type=\"widget\" data-widget_type=\"text-editor.default\">\n\t\t\t\t<div class=\"elementor-widget-container\">\n\t\t\t\t\t\t\t\t\t<p>Notre histoire et nos comp\u00e9tences, associ\u00e9es aux exp\u00e9riences de nos Collaborateurs, nous permettent de cr\u00e9er des projets innovants et r\u00e9ussis.<\/p>\t\t\t\t\t\t\t\t<\/div>\n\t\t\t\t<\/div>\n\t\t\t\t<div class=\"elementor-element elementor-element-100368e elementor-widget elementor-widget-text-editor\" data-id=\"100368e\" data-element_type=\"widget\" data-e-type=\"widget\" data-widget_type=\"text-editor.default\">\n\t\t\t\t<div class=\"elementor-widget-container\">\n\t\t\t\t\t\t\t\t\t<p class=\"translation-block\">Nous concevons, r\u00e9alisons et installons des ouvrages en charpente m\u00e9tallique principalement dans les domaines du g\u00e9nie Civil, Industriel, Militaire et A\u00e9rospatial.<br>Nous op\u00e9rons \u00e9galement dans les secteurs de l\u2019\u00c9nergie et du Maritime, ainsi que dans la production de tubes LSAW.<\/p><p>Nous naissons en 1949 dans le Pordenonese. De l\u00e0, nous regardons vers l'avenir motiv\u00e9s par la passion et l'innovation, sans perdre de vue ce qui compte vraiment pour nous.<\/p>\t\t\t\t\t\t\t\t<\/div>\n\t\t\t\t<\/div>\n\t\t\t\t<div class=\"elementor-element elementor-element-2826ad0 elementor-widget elementor-widget-image\" data-id=\"2826ad0\" data-element_type=\"widget\" data-e-type=\"widget\" data-widget_type=\"image.default\">\n\t\t\t\t<div class=\"elementor-widget-container\">\n\t\t\t\t\t\t\t\t\t\t\t\t\t\t\t<img fetchpriority=\"high\" decoding=\"async\" width=\"1890\" height=\"887\" src=\"https:\/\/www.cimolai.com\/wp-content\/uploads\/2026\/03\/UT-2.png\" class=\"attachment-full size-full wp-image-5757\" alt=\"\" srcset=\"https:\/\/www.cimolai.com\/wp-content\/uploads\/2026\/03\/UT-2.png 1890w, https:\/\/www.cimolai.com\/wp-content\/uploads\/2026\/03\/UT-2-300x141.png 300w, https:\/\/www.cimolai.com\/wp-content\/uploads\/2026\/03\/UT-2-1024x481.png 1024w, https:\/\/www.cimolai.com\/wp-content\/uploads\/2026\/03\/UT-2-768x360.png 768w, https:\/\/www.cimolai.com\/wp-content\/uploads\/2026\/03\/UT-2-1536x721.png 1536w, https:\/\/www.cimolai.com\/wp-content\/uploads\/2026\/03\/UT-2-18x8.png 18w\" sizes=\"(max-width: 1890px) 100vw, 1890px\" \/>\t\t\t\t\t\t\t\t\t\t\t\t\t\t\t<\/div>\n\t\t\t\t<\/div>\n\t\t\t\t\t<\/div>\n\t\t\t\t<\/div>\n\t\t<div data-yec-lazyload-case=\"static-bg\" data-yec-full-image=\"https:\/\/cimolai.com\/wp-content\/uploads\/2026\/03\/cimolai-Cantiere-1.jpg\" class=\"elementor-element elementor-element-a65f27d e-flex e-con-boxed e-con e-parent\" data-id=\"a65f27d\" data-element_type=\"container\" data-e-type=\"container\" data-settings=\"{&quot;background_background&quot;:&quot;classic&quot;}\">\n\t\t\t\t\t<div class=\"e-con-inner\">\n\t\t<div class=\"elementor-element elementor-element-039be0a e-con-full e-flex e-con e-child\" data-id=\"039be0a\" data-element_type=\"container\" data-e-type=\"container\">\n\t\t\t\t<div class=\"elementor-element elementor-element-b2e43c9 elementor-widget elementor-widget-spacer\" data-id=\"b2e43c9\" data-element_type=\"widget\" data-e-type=\"widget\" data-widget_type=\"spacer.default\">\n\t\t\t\t<div class=\"elementor-widget-container\">\n\t\t\t\t\t\t\t<div class=\"elementor-spacer\">\n\t\t\t<div class=\"elementor-spacer-inner\"><\/div>\n\t\t<\/div>\n\t\t\t\t\t\t<\/div>\n\t\t\t\t<\/div>\n\t\t\t\t<div class=\"elementor-element elementor-element-a2d6d29 elementor-widget elementor-widget-heading\" data-id=\"a2d6d29\" data-element_type=\"widget\" data-e-type=\"widget\" data-widget_type=\"heading.default\">\n\t\t\t\t<div class=\"elementor-widget-container\">\n\t\t\t\t\t<p class=\"elementor-heading-title elementor-size-default\">Travailler pour grandir, ensemble<\/p>\t\t\t\t<\/div>\n\t\t\t\t<\/div>\n\t\t\t\t<div class=\"elementor-element elementor-element-94272df elementor-widget elementor-widget-text-editor\" data-id=\"94272df\" data-element_type=\"widget\" data-e-type=\"widget\" data-widget_type=\"text-editor.default\">\n\t\t\t\t<div class=\"elementor-widget-container\">\n\t\t\t\t\t\t\t\t\t<p>Les projets internationaux de Cimolai sont la base d\u2019un parcours professionnel en constante \u00e9volution et offrent des opportunit\u00e9s de croissance fond\u00e9es sur la transparence, la solidit\u00e9, l\u2019excellence et le respect.<\/p>\t\t\t\t\t\t\t\t<\/div>\n\t\t\t\t<\/div>\n\t\t<div class=\"elementor-element elementor-element-7d569bd e-con-full e-grid e-con e-child\" data-id=\"7d569bd\" data-element_type=\"container\" data-e-type=\"container\">\n\t\t<div class=\"elementor-element elementor-element-047fe20 e-con-full e-flex e-con e-child\" data-id=\"047fe20\" data-element_type=\"container\" data-e-type=\"container\">\n\t\t\t\t<div class=\"elementor-element elementor-element-bd639d8 elementor-widget elementor-widget-heading\" data-id=\"bd639d8\" data-element_type=\"widget\" data-e-type=\"widget\" data-widget_type=\"heading.default\">\n\t\t\t\t<div class=\"elementor-widget-container\">\n\t\t\t\t\t<p class=\"elementor-heading-title elementor-size-default\">Croissance et valeurs partag\u00e9es<\/p>\t\t\t\t<\/div>\n\t\t\t\t<\/div>\n\t\t\t\t<div class=\"elementor-element elementor-element-5321d9d elementor-widget elementor-widget-text-editor\" data-id=\"5321d9d\" data-element_type=\"widget\" data-e-type=\"widget\" data-widget_type=\"text-editor.default\">\n\t\t\t\t<div class=\"elementor-widget-container\">\n\t\t\t\t\t\t\t\t\t<p>Nous croyons au talent, \u00e0 l\u2019engagement et au d\u00e9veloppement de celles et ceux qui travaillent avec nous, en favorisant un environnement s\u00fbr, inclusif et stimulant, o\u00f9 chacun peut exprimer pleinement ses capacit\u00e9s.<\/p>\t\t\t\t\t\t\t\t<\/div>\n\t\t\t\t<\/div>\n\t\t\t\t<\/div>\n\t\t<div class=\"elementor-element elementor-element-54eca1f e-con-full e-flex e-con e-child\" data-id=\"54eca1f\" data-element_type=\"container\" data-e-type=\"container\">\n\t\t\t\t<div class=\"elementor-element elementor-element-d975084 elementor-widget elementor-widget-heading\" data-id=\"d975084\" data-element_type=\"widget\" data-e-type=\"widget\" data-widget_type=\"heading.default\">\n\t\t\t\t<div class=\"elementor-widget-container\">\n\t\t\t\t\t<p class=\"elementor-heading-title elementor-size-default\">Formation continue et travail d\u2019\u00e9quipe<\/p>\t\t\t\t<\/div>\n\t\t\t\t<\/div>\n\t\t\t\t<div class=\"elementor-element elementor-element-611d9dd elementor-widget elementor-widget-text-editor\" data-id=\"611d9dd\" data-element_type=\"widget\" data-e-type=\"widget\" data-widget_type=\"text-editor.default\">\n\t\t\t\t<div class=\"elementor-widget-container\">\n\t\t\t\t\t\t\t\t\t<p>Nous soutenons la formation continue et le partage des comp\u00e9tences, en encourageant le travail d\u2019\u00e9quipe et l\u2019\u00e9change d\u2019id\u00e9es pour atteindre des objectifs communs.<\/p>\t\t\t\t\t\t\t\t<\/div>\n\t\t\t\t<\/div>\n\t\t\t\t<\/div>\n\t\t\t\t<\/div>\n\t\t\t\t<\/div>\n\t\t\t\t\t<\/div>\n\t\t\t\t<\/div>\n\t\t<div class=\"elementor-element elementor-element-02516f3 e-con-full e-flex e-con e-parent\" data-id=\"02516f3\" data-element_type=\"container\" data-e-type=\"container\">\n\t\t\t\t<div class=\"elementor-element elementor-element-a214e3f elementor-widget elementor-widget-template\" data-id=\"a214e3f\" data-element_type=\"widget\" data-e-type=\"widget\" data-widget_type=\"template.default\">\n\t\t\t\t<div class=\"elementor-widget-container\">\n\t\t\t\t\t\t\t<div class=\"elementor-template\">\n\t\t\t\t\t<div data-elementor-type=\"container\" data-elementor-id=\"4877\" class=\"elementor elementor-4877\" data-elementor-post-type=\"elementor_library\">\n\t\t\t\t<div class=\"elementor-element elementor-element-755e3667 e-flex e-con-boxed e-con e-child\" data-id=\"755e3667\" data-element_type=\"container\" data-e-type=\"container\" data-settings=\"{&quot;background_background&quot;:&quot;classic&quot;}\">\n\t\t\t\t\t<div class=\"e-con-inner\">\n\t\t<div class=\"elementor-element elementor-element-53fe2697 e-con-full e-flex e-con e-child\" data-id=\"53fe2697\" data-element_type=\"container\" data-e-type=\"container\">\n\t\t\t\t<div class=\"elementor-element elementor-element-508056c4 elementor-widget elementor-widget-heading\" data-id=\"508056c4\" data-element_type=\"widget\" data-e-type=\"widget\" data-widget_type=\"heading.default\">\n\t\t\t\t<div class=\"elementor-widget-container\">\n\t\t\t\t\t<h2 class=\"elementor-heading-title elementor-size-default\">Travaillez avec nous<\/h2>\t\t\t\t<\/div>\n\t\t\t\t<\/div>\n\t\t<div class=\"elementor-element elementor-element-50599dba e-con-full e-flex e-con e-child\" data-id=\"50599dba\" data-element_type=\"container\" data-e-type=\"container\">\n\t\t\t\t<div class=\"elementor-element elementor-element-754bee18 elementor-widget elementor-widget-heading\" data-id=\"754bee18\" data-element_type=\"widget\" data-e-type=\"widget\" data-widget_type=\"heading.default\">\n\t\t\t\t<div class=\"elementor-widget-container\">\n\t\t\t\t\t<h3 class=\"elementor-heading-title elementor-size-default\">Rejoignez l'\u00e9quipe Cimolai<\/h3>\t\t\t\t<\/div>\n\t\t\t\t<\/div>\n\t\t\t\t<div class=\"elementor-element elementor-element-30e4f550 elementor-widget__width-initial elementor-widget elementor-widget-text-editor\" data-id=\"30e4f550\" data-element_type=\"widget\" data-e-type=\"widget\" data-widget_type=\"text-editor.default\">\n\t\t\t\t<div class=\"elementor-widget-container\">\n\t\t\t\t\t\t\t\t\t<p>Vous souhaitez rejoindre l\u2019\u00e9quipe Cimolai aux c\u00f4t\u00e9s de plus de 1 000 collaborateurs ?<\/p><p>Consultez nos postes ouverts ou faites-nous part de votre int\u00e9r\u00eat \u00e0 travailler avec nous en envoyant une candidature spontan\u00e9e.<\/p>\t\t\t\t\t\t\t\t<\/div>\n\t\t\t\t<\/div>\n\t\t\t\t<\/div>\n\t\t\t\t<div class=\"elementor-element elementor-element-400a7471 hover-translateX underline-stroke-075 elementor-widget elementor-widget-button\" data-id=\"400a7471\" data-element_type=\"widget\" data-e-type=\"widget\" data-widget_type=\"button.default\">\n\t\t\t\t<div class=\"elementor-widget-container\">\n\t\t\t\t\t\t\t\t\t<div class=\"elementor-button-wrapper\">\n\t\t\t\t\t<a class=\"elementor-button elementor-button-link elementor-size-sm\" href=\"http:\/\/cv.cimolai.com\/RecruitSelection\/servlet\/hvse_bstart?&#038;Theme=SpTheme_ZIP&#038;Parameter=PARAMDEFSE&#038;Company=001&#038;Idcompany=000000&#038;Language=ITA&#038;pProcedure=hvse_welcome&#038;pLogin=&#038;pFreeappl=S&#038;Idchannel\" target=\"_blank\" rel=\"noopener\">\n\t\t\t\t\t\t<span class=\"elementor-button-content-wrapper\">\n\t\t\t\t\t\t<span class=\"elementor-button-icon\">\n\t\t\t\t<svg xmlns=\"http:\/\/www.w3.org\/2000\/svg\" height=\"24px\" viewbox=\"0 -960 960 960\" width=\"24px\"><path d=\"m560-240-56-58 142-142H160v-80h486L504-662l56-58 240 240-240 240Z\"><\/path><\/svg>\t\t\t<\/span>\n\t\t\t\t\t\t\t\t\t<span class=\"elementor-button-text\">D\u00e9couvrez les postes ouverts<\/span>\n\t\t\t\t\t<\/span>\n\t\t\t\t\t<\/a>\n\t\t\t\t<\/div>\n\t\t\t\t\t\t\t\t<\/div>\n\t\t\t\t<\/div>\n\t\t\t\t<\/div>\n\t\t<div data-yec-lazyload-case=\"static-bg\" data-yec-full-image=\"https:\/\/cimolai.com\/wp-content\/uploads\/2025\/12\/cimolai-PIATTAFORMA-BIENNALE_20250808_03.jpg\" class=\"elementor-element elementor-element-6ae5498f e-con-full e-flex e-con e-child\" data-id=\"6ae5498f\" data-element_type=\"container\" data-e-type=\"container\" data-settings=\"{&quot;background_background&quot;:&quot;classic&quot;}\">\n\t\t\t\t<div class=\"elementor-element elementor-element-65a22427 elementor-widget elementor-widget-spacer\" data-id=\"65a22427\" data-element_type=\"widget\" data-e-type=\"widget\" data-widget_type=\"spacer.default\">\n\t\t\t\t<div class=\"elementor-widget-container\">\n\t\t\t\t\t\t\t<div class=\"elementor-spacer\">\n\t\t\t<div class=\"elementor-spacer-inner\"><\/div>\n\t\t<\/div>\n\t\t\t\t\t\t<\/div>\n\t\t\t\t<\/div>\n\t\t\t\t<\/div>\n\t\t\t\t\t<\/div>\n\t\t\t\t<\/div>\n\t\t\t\t<\/div>\n\t\t\t\t<\/div>\n\t\t\t\t\t\t<\/div>\n\t\t\t\t<\/div>\n\t\t\t\t<\/div>\n\t\t<div class=\"elementor-element elementor-element-aceb3a4 e-con-full e-flex e-con e-parent\" data-id=\"aceb3a4\" data-element_type=\"container\" data-e-type=\"container\">\n\t\t\t\t<div class=\"elementor-element elementor-element-03aae34 elementor-widget elementor-widget-template\" data-id=\"03aae34\" data-element_type=\"widget\" data-e-type=\"widget\" data-widget_type=\"template.default\">\n\t\t\t\t<div class=\"elementor-widget-container\">\n\t\t\t\t\t\t\t<div class=\"elementor-template\">\n\t\t\t\t\t<div data-elementor-type=\"container\" data-elementor-id=\"4881\" class=\"elementor elementor-4881\" data-elementor-post-type=\"elementor_library\">\n\t\t\t\t<div data-yec-lazyload-case=\"static-bg\" data-yec-full-image=\"https:\/\/cimolai.com\/wp-content\/uploads\/2026\/02\/Medio-Padana_stazione_Reggio-Emilia_01-scaled.jpg\" class=\"elementor-element elementor-element-68ce1331 e-flex e-con-boxed e-con e-parent\" data-id=\"68ce1331\" data-element_type=\"container\" data-e-type=\"container\" data-settings=\"{&quot;background_background&quot;:&quot;classic&quot;}\">\n\t\t\t\t\t<div class=\"e-con-inner\">\n\t\t\t\t<div class=\"elementor-element elementor-element-2c36556f drop-shadow-md-dark-blue elementor-widget elementor-widget-heading\" data-id=\"2c36556f\" data-element_type=\"widget\" data-e-type=\"widget\" data-widget_type=\"heading.default\">\n\t\t\t\t<div class=\"elementor-widget-container\">\n\t\t\t\t\t<h3 class=\"elementor-heading-title elementor-size-default\">Durabilit\u00e9<\/h3>\t\t\t\t<\/div>\n\t\t\t\t<\/div>\n\t\t<div class=\"elementor-element elementor-element-56515ae0 e-con-full e-flex e-con e-child\" data-id=\"56515ae0\" data-element_type=\"container\" data-e-type=\"container\">\n\t\t\t\t<div class=\"elementor-element elementor-element-7493a6a1 drop-shadow-md-dark-blue elementor-widget elementor-widget-heading\" data-id=\"7493a6a1\" data-element_type=\"widget\" data-e-type=\"widget\" data-widget_type=\"heading.default\">\n\t\t\t\t<div class=\"elementor-widget-container\">\n\t\t\t\t\t<p class=\"elementor-heading-title elementor-size-default\">Notre parcours vers la durabilit\u00e9<\/p>\t\t\t\t<\/div>\n\t\t\t\t<\/div>\n\t\t\t\t<div class=\"elementor-element elementor-element-1f2ef573 drop-shadow-md-dark-blue elementor-widget__width-initial elementor-widget elementor-widget-text-editor\" data-id=\"1f2ef573\" data-element_type=\"widget\" data-e-type=\"widget\" data-widget_type=\"text-editor.default\">\n\t\t\t\t<div class=\"elementor-widget-container\">\n\t\t\t\t\t\t\t\t\t<p>Pour l\u2019environnement, les personnes et le territoire, avec \u00e9thique et transparence. Notre engagement pour un avenir plus durable.<\/p>\t\t\t\t\t\t\t\t<\/div>\n\t\t\t\t<\/div>\n\t\t\t\t<div class=\"elementor-element elementor-element-1c6350c5 hover-translateX drop-shadow-md-dark-blue  link-decoration-underline underline-color-white underline-stroke-075 elementor-widget elementor-widget-button\" data-id=\"1c6350c5\" data-element_type=\"widget\" data-e-type=\"widget\" data-widget_type=\"button.default\">\n\t\t\t\t<div class=\"elementor-widget-container\">\n\t\t\t\t\t\t\t\t\t<div class=\"elementor-button-wrapper\">\n\t\t\t\t\t<a class=\"elementor-button elementor-button-link elementor-size-sm\" href=\"https:\/\/www.cimolai.com\/fr\/sostenibilita\/\">\n\t\t\t\t\t\t<span class=\"elementor-button-content-wrapper\">\n\t\t\t\t\t\t<span class=\"elementor-button-icon\">\n\t\t\t\t<svg xmlns=\"http:\/\/www.w3.org\/2000\/svg\" height=\"24px\" viewbox=\"0 -960 960 960\" width=\"24px\"><path d=\"m560-240-56-58 142-142H160v-80h486L504-662l56-58 240 240-240 240Z\"><\/path><\/svg>\t\t\t<\/span>\n\t\t\t\t\t\t\t\t\t<span class=\"elementor-button-text\">Durabilit\u00e9<\/span>\n\t\t\t\t\t<\/span>\n\t\t\t\t\t<\/a>\n\t\t\t\t<\/div>\n\t\t\t\t\t\t\t\t<\/div>\n\t\t\t\t<\/div>\n\t\t\t\t<\/div>\n\t\t\t\t\t<\/div>\n\t\t\t\t<\/div>\n\t\t\t\t<\/div>\n\t\t\t\t<\/div>\n\t\t\t\t\t\t<\/div>\n\t\t\t\t<\/div>\n\t\t\t\t<\/div>\n\t\t\t\t<\/div>","protected":false},"excerpt":{"rendered":"<p>Les personnes sont au c\u0153ur de notre succ\u00e8s. Que vous soyez au d\u00e9but de votre parcours ou un professionnel exp\u00e9riment\u00e9, votre potentiel est infini.<\/p>","protected":false},"author":1,"featured_media":5748,"parent":0,"menu_order":0,"comment_status":"closed","ping_status":"closed","template":"","meta":{"_acf_changed":false,"footnotes":""},"class_list":["post-4832","page","type-page","status-publish","has-post-thumbnail","hentry"],"acf":[],"_links":{"self":[{"href":"https:\/\/www.cimolai.com\/fr\/wp-json\/wp\/v2\/pages\/4832","targetHints":{"allow":["GET"]}}],"collection":[{"href":"https:\/\/www.cimolai.com\/fr\/wp-json\/wp\/v2\/pages"}],"about":[{"href":"https:\/\/www.cimolai.com\/fr\/wp-json\/wp\/v2\/types\/page"}],"author":[{"embeddable":true,"href":"https:\/\/www.cimolai.com\/fr\/wp-json\/wp\/v2\/users\/1"}],"replies":[{"embeddable":true,"href":"https:\/\/www.cimolai.com\/fr\/wp-json\/wp\/v2\/comments?post=4832"}],"version-history":[{"count":31,"href":"https:\/\/www.cimolai.com\/fr\/wp-json\/wp\/v2\/pages\/4832\/revisions"}],"predecessor-version":[{"id":7754,"href":"https:\/\/www.cimolai.com\/fr\/wp-json\/wp\/v2\/pages\/4832\/revisions\/7754"}],"wp:featuredmedia":[{"embeddable":true,"href":"https:\/\/www.cimolai.com\/fr\/wp-json\/wp\/v2\/media\/5748"}],"wp:attachment":[{"href":"https:\/\/www.cimolai.com\/fr\/wp-json\/wp\/v2\/media?parent=4832"}],"curies":[{"name":"wp","href":"https:\/\/api.w.org\/{rel}","templated":true}]}}