{"id":6786,"date":"2026-05-07T13:34:39","date_gmt":"2026-05-07T13:34:39","guid":{"rendered":"https:\/\/sviluppo.cimolai.com\/?page_id=6786"},"modified":"2026-05-14T18:13:51","modified_gmt":"2026-05-14T18:13:51","slug":"politique-cookies","status":"publish","type":"page","link":"https:\/\/www.cimolai.com\/fr\/cookie-policy\/","title":{"rendered":"Politique en mati\u00e8re de Cookies"},"content":{"rendered":"<div data-elementor-type=\"wp-page\" data-elementor-id=\"6786\" class=\"elementor elementor-6786\" data-elementor-post-type=\"page\">\n\t\t\t\t<div class=\"elementor-element elementor-element-5adfd03 e-flex e-con-boxed e-con e-parent\" data-id=\"5adfd03\" data-element_type=\"container\" data-e-type=\"container\">\n\t\t\t\t\t<div class=\"e-con-inner\">\n\t\t\t\t<div class=\"elementor-element elementor-element-72af434 elementor-widget elementor-widget-heading\" data-id=\"72af434\" data-element_type=\"widget\" data-e-type=\"widget\" data-widget_type=\"heading.default\">\n\t\t\t\t<div class=\"elementor-widget-container\">\n\t\t\t\t\t<h1 class=\"elementor-heading-title elementor-size-default\">Politique en mati\u00e8re de Cookies<\/h1>\t\t\t\t<\/div>\n\t\t\t\t<\/div>\n\t\t\t\t<div class=\"elementor-element elementor-element-f14ee3a elementor-widget elementor-widget-spacer\" data-id=\"f14ee3a\" data-element_type=\"widget\" data-e-type=\"widget\" data-widget_type=\"spacer.default\">\n\t\t\t\t<div class=\"elementor-widget-container\">\n\t\t\t\t\t\t\t<div class=\"elementor-spacer\">\n\t\t\t<div class=\"elementor-spacer-inner\"><\/div>\n\t\t<\/div>\n\t\t\t\t\t\t<\/div>\n\t\t\t\t<\/div>\n\t\t\t\t<div class=\"elementor-element elementor-element-68e04627 elementor-widget elementor-widget-text-editor\" data-id=\"68e04627\" data-element_type=\"widget\" data-e-type=\"widget\" data-no-translation=\"\" data-widget_type=\"text-editor.default\">\n\t\t\t\t<div class=\"elementor-widget-container\">\n\t\t\t\t\t<style>.elementor-element-68e04627{display:none !important}<\/style>\t\t\t\t<\/div>\n\t\t\t\t<\/div>\n\t\t\t\t<div class=\"elementor-element elementor-element-48746d4 elementor-widget elementor-widget-text-editor\" data-id=\"48746d4\" data-element_type=\"widget\" data-e-type=\"widget\" data-no-translation=\"\" data-widget_type=\"text-editor.default\">\n\t\t\t\t<div class=\"elementor-widget-container\">\n\t\t\t\t\t<style>.elementor-element-48746d4{display:none !important}<\/style>\t\t\t\t<\/div>\n\t\t\t\t<\/div>\n\t\t\t\t<div class=\"elementor-element elementor-element-e923c02 elementor-widget elementor-widget-text-editor\" data-id=\"e923c02\" data-element_type=\"widget\" data-e-type=\"widget\" data-no-translation=\"\" data-widget_type=\"text-editor.default\">\n\t\t\t\t<div class=\"elementor-widget-container\">\n\t\t\t\t\t\t\t\t\t\n<p>Cimolai S.p.A., dont le si\u00e8ge social est situ\u00e9 Viale Pasteur, 49, 00144 \u2013 Rome (RM), Code fiscal et N\u00b0 TVA 01507200937 (la \u00ab Soci\u00e9t\u00e9 \u00bb), fournit ci-dessous les informations relatives aux donn\u00e9es de navigation et au fonctionnement des cookies et autres outils de suivi au sein du site www.cimolai.com (\u00ab Site \u00bb), \u00e9galement sur la base des indications fournies par l\u2019Autorit\u00e9 italienne de protection des donn\u00e9es personnelles. Aux fins de la pr\u00e9sente notice, le terme \u00ab cookies \u00bb inclut \u00e9galement les autres outils de suivi utilis\u00e9s par le Site, tels que d\u00e9crits plus en d\u00e9tail ci-apr\u00e8s.<br \/>La notice qui suit est fournie pour le Site et non pour d\u2019autres sites web de tiers \u00e9ventuellement consult\u00e9s par l\u2019utilisateur au moyen de liens.<br \/>La pr\u00e9sente Politique relative aux cookies doit \u00eatre lue en compl\u00e9ment de la Politique de confidentialit\u00e9 disponible \u00e0 l\u2019adresse suivante https:\/\/cimolai.com\/it\/privacy-policy\/, \u00e0 laquelle il convient de se r\u00e9f\u00e9rer pour toute autre information concernant le traitement des donn\u00e9es personnelles, y compris les droits des utilisateurs et les modalit\u00e9s d\u2019exercice de ces droits.<\/p>\n\n\n\n<p>Types de cookies utilis\u00e9s par le Site<\/p>\n\n\n\n<p>Les cookies sont des cha\u00eenes de texte t\u00e9l\u00e9charg\u00e9es sur l\u2019appareil de l\u2019utilisateur et remplissent diff\u00e9rentes fonctions, notamment le suivi des sessions, la m\u00e9morisation d\u2019informations sur des configurations sp\u00e9cifiques concernant les utilisateurs qui acc\u00e8dent au Site, la facilitation de l\u2019utilisation des contenus en ligne, etc.<\/p>\n\n\n\n<p>Ce Site utilise \u00e0 la fois des cookies techniques et non techniques ; dans ce cas, il a \u00e9t\u00e9 jug\u00e9 opportun de distinguer les cookies de profilage et les cookies analytiques (non techniques), selon les descriptions indiqu\u00e9es ci-dessous.<\/p>\n\n\n\n<h2 class=\"wp-block-heading\">Cookies techniques<\/h2>\n\n\n\n<p>Ces cookies sont utilis\u00e9s uniquement afin \u00ab d\u2019effectuer la transmission d\u2019une communication sur un r\u00e9seau de communications \u00e9lectroniques, ou dans la mesure strictement n\u00e9cessaire au fournisseur d\u2019un service de la soci\u00e9t\u00e9 de l\u2019information express\u00e9ment demand\u00e9 par le contractant ou l\u2019utilisateur pour fournir ce service \u00bb (voir art. 122, paragraphe 1 du Code de confidentialit\u00e9).<br \/>Le consentement pr\u00e9alable des utilisateurs n\u2019est pas requis pour l\u2019installation des cookies techniques.<br \/>En cas de blocage de l\u2019utilisation des cookies techniques, le service offert par le Site \u00e0 l\u2019utilisateur sera limit\u00e9, ce qui influencera l\u2019exp\u00e9rience d\u2019utilisation du Site lui-m\u00eame.<br \/>Ci-dessous sont indiqu\u00e9s, pour chaque cookie technique utilis\u00e9 par le Site, le nom, la finalit\u00e9 d\u2019utilisation et la dur\u00e9e.<\/p>\n\n<table>\n<thead>\n<tr>\n<th>Nom du cookie \/ outil<\/th>\n<th>Fournisseur<\/th>\n<th>Finalit\u00e9<\/th>\n<th>Dur\u00e9e<\/th>\n<th>Cat\u00e9gorie<\/th>\n<\/tr>\n<\/thead>\n<tbody>\n<tr>\n<td><code>cookie_consent<\/code><\/td>\n<td>Cimolai S.p.A. \/ site www.cimolai.com<\/td>\n<td>M\u00e9morise les pr\u00e9f\u00e9rences exprim\u00e9es par l\u2019utilisateur concernant le consentement \u00e0 l\u2019utilisation des cookies et les cat\u00e9gories activ\u00e9es.<\/td>\n<td>Environ 30 jours<\/td>\n<td>Technique \/ essentiel<\/td>\n<\/tr>\n<\/tbody>\n<\/table>\n\n<h2 class=\"wp-block-heading\">Cookies non techniques<\/h2>\n\n\n\n<h3 class=\"wp-block-heading\">Cookies de profilage<\/h3>\n\n\n\n<p>Ces cookies sont utilis\u00e9s pour rattacher \u00e0 des personnes d\u00e9termin\u00e9es, identifi\u00e9es ou identifiables, des actions sp\u00e9cifiques ou des sch\u00e9mas comportementaux r\u00e9currents dans l\u2019utilisation des fonctionnalit\u00e9s propos\u00e9es (patterns), afin de regrouper les diff\u00e9rents profils dans des clusters homog\u00e8nes en termes de contenu et de diff\u00e9rentes tailles, de mani\u00e8re \u00e0 permettre au responsable du traitement, par exemple, de moduler la fourniture du service de fa\u00e7on toujours plus personnalis\u00e9e (au-del\u00e0 de ce qui est strictement n\u00e9cessaire \u00e0 sa fourniture), ainsi que d\u2019envoyer des messages publicitaires cibl\u00e9s, c\u2019est-\u00e0-dire conformes aux pr\u00e9f\u00e9rences exprim\u00e9es par l\u2019utilisateur dans le cadre de sa navigation en ligne ; ce type de cookie ne peut \u00eatre install\u00e9 sur le terminal de l\u2019utilisateur qu\u2019avec le consentement pr\u00e9alable de celui-ci.<\/p>\n\n<table>\n<thead>\n<tr>\n<th>Nom du cookie \/ outil<\/th>\n<th>Fournisseur<\/th>\n<th>Finalit\u00e9<\/th>\n<th>Dur\u00e9e<\/th>\n<th>Cat\u00e9gorie<\/th>\n<\/tr>\n<\/thead>\n<tbody>\n<tr>\n<td>YouTube<\/td>\n<td>Google LLC<\/td>\n<td>Permet l\u2019affichage de contenus vid\u00e9o int\u00e9gr\u00e9s au Site. Cela peut entra\u00eener l\u2019installation de cookies ou de technologies similaires par Google, y compris \u00e0 des fins de mesure, de personnalisation ou de profilage, selon les param\u00e8tres de l\u2019utilisateur et du service.<\/td>\n<td>Variable<\/td>\n<td>Marketing \/ tiers<\/td>\n<\/tr>\n<tr>\n<td>Vimeo<\/td>\n<td>Vimeo.com, Inc.<\/td>\n<td>Permet l\u2019affichage de contenus vid\u00e9o int\u00e9gr\u00e9s au Site. Cela peut entra\u00eener l\u2019installation de cookies ou de technologies similaires par Vimeo, y compris \u00e0 des fins statistiques ou de profilage.<\/td>\n<td>Variable<\/td>\n<td>Marketing \/ tiers<\/td>\n<\/tr>\n<tr>\n<td>Google Font API<\/td>\n<td>Google LLC<\/td>\n<td>Permet le chargement de polices externes utilis\u00e9es pour l\u2019affichage du Site. Cela peut entra\u00eener des requ\u00eates vers les serveurs de Google.<\/td>\n<td>Variable<\/td>\n<td>Tiers<\/td>\n<\/tr>\n<tr>\n<td>Font Awesome<\/td>\n<td>Fonticons, Inc. \/ CDN de tiers<\/td>\n<td>Permet le chargement d\u2019ic\u00f4nes et de polices iconographiques utilis\u00e9es dans l\u2019interface du Site.<\/td>\n<td>Variable<\/td>\n<td>Tiers<\/td>\n<\/tr>\n<tr>\n<td>Unpkg CDN<\/td>\n<td>Unpkg \/ CDN de tiers<\/td>\n<td>Permet le chargement de biblioth\u00e8ques JavaScript et de ressources techniques depuis un CDN externe.<\/td>\n<td>Variable<\/td>\n<td>Tiers<\/td>\n<\/tr>\n<\/tbody>\n<\/table>\n\n<h3 class=\"wp-block-heading\">Cookies analytiques (non techniques)<\/h3>\n\n\n\n<p>Ces cookies sont utilis\u00e9s pour \u00e9valuer l\u2019efficacit\u00e9 du service et effectuer des analyses des visites du Site sous une forme non anonyme ou agr\u00e9g\u00e9e.<\/p>\n\n<table>\n<thead>\n<tr>\n<th>Nom du cookie \/ outil<\/th>\n<th>Fournisseur<\/th>\n<th>Finalit\u00e9<\/th>\n<th>Dur\u00e9e<\/th>\n<th>Cat\u00e9gorie<\/th>\n<\/tr>\n<\/thead>\n<tbody>\n<tr>\n<td><code>_ga<\/code><\/td>\n<td>Google LLC<\/td>\n<td>Utilis\u00e9 par Google Analytics 4 pour distinguer les utilisateurs et collecter des informations statistiques sur l\u2019utilisation du Site.<\/td>\n<td>Environ 13 mois<\/td>\n<td>Analytique non technique<\/td>\n<\/tr>\n<tr>\n<td><code>_ga_2NDK5BC7QX<\/code><\/td>\n<td>Google LLC<\/td>\n<td>Utilis\u00e9 par Google Analytics 4 pour maintenir l\u2019\u00e9tat de la session et collecter des donn\u00e9es statistiques sur les visites du Site.<\/td>\n<td>Environ 13 mois<\/td>\n<td>Analytique non technique<\/td>\n<\/tr>\n<tr>\n<td>Google Analytics 4<\/td>\n<td>Google LLC<\/td>\n<td>Service d\u2019analyse du trafic et des interactions des utilisateurs avec le Site.<\/td>\n<td>Variable selon les cookies install\u00e9s<\/td>\n<td>Analytique non technique<\/td>\n<\/tr>\n<tr>\n<td>Google Tag Manager<\/td>\n<td>Google LLC<\/td>\n<td>Syst\u00e8me de gestion des balises pouvant activer des scripts et des outils de suivi pr\u00e9sents sur le Site, selon les configurations d\u00e9finies.<\/td>\n<td>Variable selon les balises activ\u00e9es<\/td>\n<td>Outil de gestion des balises<\/td>\n<\/tr>\n<\/tbody>\n<\/table>\n\n<h3 class=\"wp-block-heading\">Autres fonctionnalit\u00e9s sociales, par exemple plugins<\/h3>\n\n\n\n<p>Outre les cookies indiqu\u00e9s ci-dessus, le Site int\u00e8gre \u00e9galement des plugins et\/ou des commandes destin\u00e9s \u00e0 permettre un partage facile des contenus sur les r\u00e9seaux sociaux suivants : Facebook, Instagram, Twitter, YouTube. Lorsque l\u2019utilisateur visite une page du Site contenant un plugin, le navigateur se connecte aux serveurs du r\u00e9seau social depuis lesquels le plugin est charg\u00e9 : le serveur pourra donc suivre la visite effectu\u00e9e sur le Site et, le cas \u00e9ch\u00e9ant, l\u2019associer au compte social, notamment si l\u2019utilisateur est connect\u00e9 au moment de la visite ou s\u2019il a r\u00e9cemment navigu\u00e9 sur l\u2019un des sites web contenant des plugins sociaux. Si l\u2019utilisateur ne souhaite pas que le r\u00e9seau social enregistre les donn\u00e9es relatives \u00e0 la visite sur le Site, il doit se d\u00e9connecter du compte social et supprimer les cookies que ce dernier a install\u00e9s dans son navigateur.<br \/>Dans le cadre de certaines activit\u00e9s, la Soci\u00e9t\u00e9 et les r\u00e9seaux sociaux pourraient \u00e9galement agir en qualit\u00e9 de responsables conjoints du traitement, au sens de l\u2019art. 26 du RGPD, notamment lorsque la Soci\u00e9t\u00e9, par l\u2019interm\u00e9diaire d\u2019un plugin, d\u00e9termine conjointement avec le r\u00e9seau social les finalit\u00e9s et les moyens du traitement, celui-ci consistant en la collecte et la transmission des donn\u00e9es de l\u2019utilisateur au r\u00e9seau social. Dans ces cas, la Soci\u00e9t\u00e9 adh\u00e8re aux conditions contractuelles du r\u00e9seau social, qui pourraient inclure des accords de responsabilit\u00e9 conjointe.<br \/>En particulier, en ce qui concerne les plug-ins de Facebook, la Soci\u00e9t\u00e9 et Facebook Ireland Ltd, 4 Grand Canal Square, Grand Canal Harbour, Dublin 2, Irlande, agissent en qualit\u00e9 de responsables conjoints, et l\u2019accord de responsabilit\u00e9 conjointe correspondant (\u00ab Addendum relatif au responsable du traitement \u00bb) est disponible au lien suivant : https:\/\/m.facebook.com\/legal\/controller_addendum. Facebook Ireland est responsable des droits des personnes concern\u00e9es conform\u00e9ment aux articles 15 \u00e0 20 du RGPD en relation avec les donn\u00e9es personnelles conserv\u00e9es par Facebook Ireland dans le cadre du traitement conjoint. L\u2019autorit\u00e9 de contr\u00f4le suivante est comp\u00e9tente pour Facebook : Data Protection Commission, 21 Fitzwilliam Square South, Dublin 2, D02 RD28, Irlande (https:\/\/www.dataprotection.ie\/).<br \/>En ce qui concerne, en revanche, le service Page Insights de Linkedin, l\u2019accord de responsabilit\u00e9 conjointe entre Linkedin et Cimolai SpA intitul\u00e9 \u00ab Page Insights Joint Controller Addendum (the Addendum) \u00bb est disponible au lien suivant : <a href=\"https:\/\/legal.linkedin.com\/pages-joint-controller-addendum\" target=\"_blank\" rel=\"noopener\">https:\/\/legal.linkedin.com\/pages-joint-controller-addendum<\/a><br \/>Il est enfin pr\u00e9cis\u00e9 que l\u2019\u00e9ventuelle responsabilit\u00e9 conjointe ne s\u2019\u00e9tend en aucun cas aux traitements effectu\u00e9s par les r\u00e9seaux sociaux pour lesquels la Soci\u00e9t\u00e9 ne d\u00e9termine pas les finalit\u00e9s et les moyens du traitement, par exemple les op\u00e9rations effectu\u00e9es par le r\u00e9seau social apr\u00e8s la communication des donn\u00e9es de l\u2019Utilisateur par le Site.<br \/>En ce qui concerne la collecte et l\u2019utilisation des informations par les r\u00e9seaux sociaux, veuillez vous r\u00e9f\u00e9rer \u00e0 leurs politiques de confidentialit\u00e9 respectives :<br \/>Facebook <a href=\"https:\/\/www.facebook.com\/help\/cookies\/\" target=\"_blank\" rel=\"noopener\">https:\/\/www.facebook.com\/help\/cookies\/<\/a> ;<br \/>Instagram <a href=\"https:\/\/help.instagram.com\/1896641480634370\" target=\"_blank\" rel=\"noopener\">https:\/\/help.instagram.com\/1896641480634370<\/a> ;<br \/>Twitter <a href=\"https:\/\/help.twitter.com\/it\/rules-and-policies\/twitter-cookies\" target=\"_blank\" rel=\"noopener\">https:\/\/help.twitter.com\/it\/rules-and-policies\/twitter-cookies<\/a> ;<br \/>YouTube <a href=\"https:\/\/policies.google.com\/privacy?hl=it\" target=\"_blank\" rel=\"noopener\">https:\/\/policies.google.com\/privacy?hl=it<\/a> .<\/p>\n\n\n\n<p>O\u00f9 les informations collect\u00e9es au moyen des cookies sont trait\u00e9es<br \/>Les informations collect\u00e9es au moyen des cookies sont principalement trait\u00e9es au sein de l\u2019Espace \u00e9conomique europ\u00e9en (EEE). Toutefois, certains cookies de tiers peuvent entra\u00eener le transfert des informations correspondantes en dehors de l\u2019EEE. Dans ce cas, la Soci\u00e9t\u00e9 a adopt\u00e9 des mesures techniques et organisationnelles suppl\u00e9mentaires afin de garantir la s\u00e9curit\u00e9 des \u00e9ventuelles donn\u00e9es personnelles transmises avec les informations collect\u00e9es par les cookies, en privil\u00e9giant, lorsque cela est possible, leur anonymisation. Dans tous les cas, tout transfert, par exemple lorsqu\u2019il existe pour le pays tiers une d\u00e9cision d\u2019ad\u00e9quation de la Commission europ\u00e9enne au sens de l\u2019article 45 du RGPD, ou lorsque le transfert est effectu\u00e9 sur la base de garanties appropri\u00e9es au sens de l\u2019article 46 du RGPD, est r\u00e9alis\u00e9 conform\u00e9ment au chapitre V du R\u00e8glement (UE) 2016\/679 relatif \u00e0 la protection des donn\u00e9es personnelles (\u00ab RGPD \u00bb).<br \/>Pour des informations d\u00e9taill\u00e9es concernant ces transferts, il sera possible d\u2019\u00e9crire \u00e0 la Soci\u00e9t\u00e9 \u00e0 tout moment en utilisant les coordonn\u00e9es figurant au paragraphe 5 ci-dessous (Contacts).<\/p>\n\n\n\n<h2 class=\"wp-block-heading\">Autres informations utiles pour la gestion des cookies<\/h2>\n\n\n\n<p>Tous les navigateurs permettent de modifier les param\u00e8tres des cookies : il est g\u00e9n\u00e9ralement possible d\u2019acc\u00e9der \u00e0 ces param\u00e8tres dans la section \u00ab options \u00bb ou dans le menu \u00ab pr\u00e9f\u00e9rences \u00bb du navigateur de l\u2019utilisateur. Il est \u00e9galement possible d\u2019utiliser l\u2019option \u00ab Help \u00bb du navigateur pour obtenir davantage d\u2019informations.<br \/>Enfin, il est indiqu\u00e9 que le lien suivant permet \u00e9galement d\u2019exercer l\u2019opt-out concernant les cookies de tiers, c\u2019est-\u00e0-dire les soci\u00e9t\u00e9s adh\u00e9rant \u00e0 l\u2019outil WebChoices de la Digital Advertising Alliance, y compris Facebook, install\u00e9s sur le navigateur de l\u2019utilisateur : <a href=\"https:\/\/optout.aboutads.info\/?c=2&amp;lang=EN\" target=\"_blank\" rel=\"noopener\">https:\/\/optout.aboutads.info\/?c=2&amp;lang=EN<\/a><\/p>\n\n\n\n<p>Gr\u00e2ce \u00e0 l\u2019outil suivant fourni par Your Online Choices, il est \u00e9galement possible de contr\u00f4ler ses pr\u00e9f\u00e9rences en exer\u00e7ant l\u2019opt-out \u00e0 l\u2019\u00e9gard des cookies de tiers : <a href=\"https:\/\/www.youronlinechoices.com\/it\/\" target=\"_blank\" rel=\"noopener\">https:\/\/www.youronlinechoices.com\/it\/<\/a><\/p>\n\n\n\n<h2 class=\"wp-block-heading\">Contacts<\/h2>\n\n\n\n<p>Les coordonn\u00e9es de la Soci\u00e9t\u00e9, pour toute question et pour l\u2019exercice des droits relatifs au traitement des donn\u00e9es personnelles, sont les suivantes :<br \/>Adresse e-mail : <a href=\"mailto:GDPR@cimolai.com\">GDPR@cimolai.com<\/a><br \/>Date de derni\u00e8re mise \u00e0 jour : Mai 2026<\/p>\n\n\n\n<p>&nbsp;<\/p>\n\t\t\t\t\t\t\t\t<\/div>\n\t\t\t\t<\/div>\n\t\t\t\t<div class=\"elementor-element elementor-element-9858c4e elementor-widget elementor-widget-text-editor\" data-id=\"9858c4e\" data-element_type=\"widget\" data-e-type=\"widget\" data-no-translation=\"\" data-widget_type=\"text-editor.default\">\n\t\t\t\t<div class=\"elementor-widget-container\">\n\t\t\t\t\t<style>.elementor-element-9858c4e{display:none !important}<\/style>\t\t\t\t<\/div>\n\t\t\t\t<\/div>\n\t\t\t\t\t<\/div>\n\t\t\t\t<\/div>\n\t\t\t\t<\/div>","protected":false},"excerpt":{"rendered":"<p>Cimolai S.p.A. con sede legale in Viale Pasteur, 49, 00144 \u2013 Roma (RM) C.F. e P.IVA 01507200937 (la \u201cSociet\u00e0\u201d) fornisce di seguito le informazioni relative ai dati di navigazione e al funzionamento dei cookie e degli altri strumenti di tracciamento, all\u2019interno del sito www.cimolai.com (\u201cSito\u201d), anche sulla base delle indicazioni fornite dal Garante per la [&hellip;]<\/p>\n","protected":false},"author":1,"featured_media":1074,"parent":0,"menu_order":0,"comment_status":"closed","ping_status":"closed","template":"","meta":{"_acf_changed":false,"footnotes":""},"class_list":["post-6786","page","type-page","status-publish","has-post-thumbnail","hentry"],"acf":[],"_links":{"self":[{"href":"https:\/\/www.cimolai.com\/fr\/wp-json\/wp\/v2\/pages\/6786","targetHints":{"allow":["GET"]}}],"collection":[{"href":"https:\/\/www.cimolai.com\/fr\/wp-json\/wp\/v2\/pages"}],"about":[{"href":"https:\/\/www.cimolai.com\/fr\/wp-json\/wp\/v2\/types\/page"}],"author":[{"embeddable":true,"href":"https:\/\/www.cimolai.com\/fr\/wp-json\/wp\/v2\/users\/1"}],"replies":[{"embeddable":true,"href":"https:\/\/www.cimolai.com\/fr\/wp-json\/wp\/v2\/comments?post=6786"}],"version-history":[{"count":17,"href":"https:\/\/www.cimolai.com\/fr\/wp-json\/wp\/v2\/pages\/6786\/revisions"}],"predecessor-version":[{"id":7994,"href":"https:\/\/www.cimolai.com\/fr\/wp-json\/wp\/v2\/pages\/6786\/revisions\/7994"}],"wp:featuredmedia":[{"embeddable":true,"href":"https:\/\/www.cimolai.com\/fr\/wp-json\/wp\/v2\/media\/1074"}],"wp:attachment":[{"href":"https:\/\/www.cimolai.com\/fr\/wp-json\/wp\/v2\/media?parent=6786"}],"curies":[{"name":"wp","href":"https:\/\/api.w.org\/{rel}","templated":true}]}}