{"id":7036,"date":"2026-05-12T10:36:21","date_gmt":"2026-05-12T10:36:21","guid":{"rendered":"https:\/\/sviluppo.cimolai.com\/?page_id=7036"},"modified":"2026-05-13T17:54:48","modified_gmt":"2026-05-13T17:54:48","slug":"defense","status":"publish","type":"page","link":"https:\/\/www.cimolai.com\/fr\/aree-di-business\/difesa\/","title":{"rendered":"D\u00e9fense"},"content":{"rendered":"<div data-elementor-type=\"wp-page\" data-elementor-id=\"7036\" class=\"elementor elementor-7036\" data-elementor-post-type=\"page\">\n\t\t\t\t<div data-yec-lazyload-case=\"dynamic-bg\" class=\"elementor-element elementor-element-d7823f7 e-con-full e-flex e-con e-parent\" data-id=\"d7823f7\" data-element_type=\"container\" data-e-type=\"container\" data-settings=\"{&quot;background_background&quot;:&quot;classic&quot;}\">\n\t\t\t\t<div class=\"elementor-element elementor-element-f718a3c elementor-absolute elementor-widget elementor-widget-text-editor\" data-id=\"f718a3c\" data-element_type=\"widget\" data-e-type=\"widget\" data-settings=\"{&quot;_position&quot;:&quot;absolute&quot;}\" data-widget_type=\"text-editor.default\">\n\t\t\t\t<div class=\"elementor-widget-container\">\n\t\t\t\t\t\t\t\t\t<p>photo credits ESO<\/p>\t\t\t\t\t\t\t\t<\/div>\n\t\t\t\t<\/div>\n\t\t<div class=\"elementor-element elementor-element-7919e8f drop-shadow-md-dark-blue e-flex e-con-boxed e-con e-child\" data-id=\"7919e8f\" data-element_type=\"container\" data-e-type=\"container\">\n\t\t\t\t\t<div class=\"e-con-inner\">\n\t\t<div class=\"elementor-element elementor-element-20236d1 e-con-full drop-shadow-lg-dark-blue e-flex e-con e-child\" data-id=\"20236d1\" data-element_type=\"container\" data-e-type=\"container\">\n\t\t\t\t<div class=\"elementor-element elementor-element-c361753 elementor-widget elementor-widget-heading\" data-id=\"c361753\" data-element_type=\"widget\" data-e-type=\"widget\" data-widget_type=\"heading.default\">\n\t\t\t\t<div class=\"elementor-widget-container\">\n\t\t\t\t\t<h1 class=\"elementor-heading-title elementor-size-default\">D\u00e9fense<\/h1>\t\t\t\t<\/div>\n\t\t\t\t<\/div>\n\t\t\t\t<div class=\"elementor-element elementor-element-a9c6d89 elementor-hidden-mobile elementor-widget elementor-widget-text-editor\" data-id=\"a9c6d89\" data-element_type=\"widget\" data-e-type=\"widget\" data-widget_type=\"text-editor.default\">\n\t\t\t\t<div class=\"elementor-widget-container\">\n\t\t\t\t\t\t\t\t\tNous op\u00e9rons depuis les ann\u00e9es 1970 dans le secteur de la D\u00e9fense, en proposant des solutions de construction m\u00e9tallique \u00e0 haute r\u00e9sistance, con\u00e7ues pour garantir la s\u00e9curit\u00e9, la protection et la continuit\u00e9 op\u00e9rationnelle.\t\t\t\t\t\t\t\t<\/div>\n\t\t\t\t<\/div>\n\t\t\t\t<\/div>\n\t\t\t\t\t<\/div>\n\t\t\t\t<\/div>\n\t\t\t\t<\/div>\n\t\t<div class=\"elementor-element elementor-element-b045986 elementor-hidden-desktop elementor-hidden-laptop elementor-hidden-tablet e-flex e-con-boxed e-con e-parent\" data-id=\"b045986\" data-element_type=\"container\" data-e-type=\"container\">\n\t\t\t\t\t<div class=\"e-con-inner\">\n\t\t<div class=\"elementor-element elementor-element-3b7cb10 e-con-full e-flex e-con e-child\" data-id=\"3b7cb10\" data-element_type=\"container\" data-e-type=\"container\">\n\t\t\t\t<div class=\"elementor-element elementor-element-528e83b elementor-widget elementor-widget-text-editor\" data-id=\"528e83b\" data-element_type=\"widget\" data-e-type=\"widget\" data-widget_type=\"text-editor.default\">\n\t\t\t\t<div class=\"elementor-widget-container\">\n\t\t\t\t\t\t\t\t\tNous op\u00e9rons depuis les ann\u00e9es 1970 dans le secteur de la D\u00e9fense, en proposant des solutions de construction m\u00e9tallique \u00e0 haute r\u00e9sistance, con\u00e7ues pour garantir la s\u00e9curit\u00e9, la protection et la continuit\u00e9 op\u00e9rationnelle.\t\t\t\t\t\t\t\t<\/div>\n\t\t\t\t<\/div>\n\t\t\t\t<\/div>\n\t\t\t\t\t<\/div>\n\t\t\t\t<\/div>\n\t\t<div class=\"elementor-element elementor-element-22ecd24 e-flex e-con-boxed e-con e-parent\" data-id=\"22ecd24\" data-element_type=\"container\" data-e-type=\"container\">\n\t\t\t\t\t<div class=\"e-con-inner\">\n\t\t<div class=\"elementor-element elementor-element-78b9af2 e-con-full e-flex e-con e-child\" data-id=\"78b9af2\" data-element_type=\"container\" data-e-type=\"container\">\n\t\t<div class=\"elementor-element elementor-element-661141a e-con-full e-flex e-con e-child\" data-id=\"661141a\" data-element_type=\"container\" data-e-type=\"container\">\n\t\t\t\t<div class=\"elementor-element elementor-element-ca18b55 elementor-widget elementor-widget-heading\" data-id=\"ca18b55\" data-element_type=\"widget\" data-e-type=\"widget\" data-widget_type=\"heading.default\">\n\t\t\t\t<div class=\"elementor-widget-container\">\n\t\t\t\t\t<h3 class=\"elementor-heading-title elementor-size-default\">Introduction<\/h3>\t\t\t\t<\/div>\n\t\t\t\t<\/div>\n\t\t<div class=\"elementor-element elementor-element-108b061 e-con-full e-flex e-con e-child\" data-id=\"108b061\" data-element_type=\"container\" data-e-type=\"container\">\n\t\t\t\t<div class=\"elementor-element elementor-element-5e48005 elementor-widget elementor-widget-heading\" data-id=\"5e48005\" data-element_type=\"widget\" data-e-type=\"widget\" data-widget_type=\"heading.default\">\n\t\t\t\t<div class=\"elementor-widget-container\">\n\t\t\t\t\t<span class=\"elementor-heading-title elementor-size-default\">Protection, s\u00e9curit\u00e9, fiabilit\u00e9<\/span>\t\t\t\t<\/div>\n\t\t\t\t<\/div>\n\t\t\t\t<div class=\"elementor-element elementor-element-176174b elementor-widget elementor-widget-text-editor\" data-id=\"176174b\" data-element_type=\"widget\" data-e-type=\"widget\" data-widget_type=\"text-editor.default\">\n\t\t\t\t<div class=\"elementor-widget-container\">\n\t\t\t\t\t\t\t\t\t<p><span style=\"font-weight: 400;\">L\u2019exp\u00e9rience technique acquise au fil des d\u00e9cennies permet \u00e0 Cimolai de r\u00e9aliser des structures performantes, d\u00e9velopp\u00e9es pour r\u00e9pondre aux exigences sp\u00e9cifiques des infrastructures militaires et des syst\u00e8mes de s\u00e9curit\u00e9 avanc\u00e9s.<\/span><\/p><p class=\"translation-block\"><span style=\"font-weight: 400\">Les activit\u00e9s comprennent la conception et la construction de <\/span><b>shelters<\/b><span style=\"font-weight: 400\">, de b\u00e2timents \u00e9quip\u00e9s de portes blind\u00e9es, de hangars et de structures d\u2019abri pour a\u00e9ronefs, ainsi que d\u2019ouvrages destin\u00e9s \u00e0 la protection contre les explosions et les sollicitations extr\u00eames.<\/span><\/p><p><span style=\"font-weight: 400;\">Chaque projet est d\u00e9velopp\u00e9 dans le but d\u2019assurer fiabilit\u00e9, r\u00e9sistance et protection maximale des actifs strat\u00e9giques.<\/span><\/p>\t\t\t\t\t\t\t\t<\/div>\n\t\t\t\t<\/div>\n\t\t\t\t<\/div>\n\t\t\t\t<\/div>\n\t\t\t\t<\/div>\n\t\t\t\t\t<\/div>\n\t\t\t\t<\/div>\n\t\t<div class=\"elementor-element elementor-element-96ae454 e-flex e-con-boxed e-con e-parent\" data-id=\"96ae454\" data-element_type=\"container\" data-e-type=\"container\" data-settings=\"{&quot;background_background&quot;:&quot;classic&quot;}\">\n\t\t\t\t\t<div class=\"e-con-inner\">\n\t\t\t\t<div class=\"elementor-element elementor-element-292959f elementor-widget elementor-widget-heading\" data-id=\"292959f\" data-element_type=\"widget\" data-e-type=\"widget\" data-widget_type=\"heading.default\">\n\t\t\t\t<div class=\"elementor-widget-container\">\n\t\t\t\t\t<h3 class=\"elementor-heading-title elementor-size-default\">Ultimo progetto<\/h3>\t\t\t\t<\/div>\n\t\t\t\t<\/div>\n\t\t\t\t<div class=\"elementor-element elementor-element-dd85a19 elementor-widget elementor-widget-heading\" data-id=\"dd85a19\" data-element_type=\"widget\" data-e-type=\"widget\" data-widget_type=\"heading.default\">\n\t\t\t\t<div class=\"elementor-widget-container\">\n\t\t\t\t\t<h3 class=\"elementor-heading-title elementor-size-default\">WSF \u2013 Installation de Stockage d'Armes<\/h3>\t\t\t\t<\/div>\n\t\t\t\t<\/div>\n\t\t<div class=\"elementor-element elementor-element-b2af007 e-con-full e-flex e-con e-child\" data-id=\"b2af007\" data-element_type=\"container\" data-e-type=\"container\">\n\t\t<div class=\"elementor-element elementor-element-a921d0a e-con-full e-flex e-con e-child\" data-id=\"a921d0a\" data-element_type=\"container\" data-e-type=\"container\">\n\t\t<div class=\"elementor-element elementor-element-47a4fd3 e-con-full e-flex e-con e-child\" data-id=\"47a4fd3\" data-element_type=\"container\" data-e-type=\"container\">\n\t\t\t\t<div class=\"elementor-element elementor-element-3535417 elementor-widget elementor-widget-text-editor\" data-id=\"3535417\" data-element_type=\"widget\" data-e-type=\"widget\" data-widget_type=\"text-editor.default\">\n\t\t\t\t<div class=\"elementor-widget-container\">\n\t\t\t\t\t\t\t\t\t<p><strong>Client :<\/strong> U.S. NAVY &#8211; NAVFAC<\/p><p><strong>Entrepreneur g\u00e9n\u00e9ral :\u00a0<\/strong>Cimolai Spa<\/p><p><strong>Description :<\/strong>\u00a0Construction d\u2019un raccordement ferroviaire destin\u00e9 \u00e0 la base militaire de Camp Darby de l\u2019U.S. Army, long de 2,7 km avant de se ramifier en deux aires distinctes. La voie ferr\u00e9e circule sur un remblai en terre et franchit le canal des Navicelli en passant sur un pont tournant en acier de 500 t et sur un pont fixe de 70 t. Le projet est compl\u00e9t\u00e9 par un quai fluvial pour les op\u00e9rations de chargement\/d\u00e9chargement, la pose de lignes \u00e9lectriques, de fibre optique et de lutte contre l\u2019incendie avec les bornes d\u2019incendie correspondantes, ainsi que des ouvrages de compensation environnementale.<\/p><\/p>\t\t\t\t\t\t\t\t<\/div>\n\t\t\t\t<\/div>\n\t\t\t\t<\/div>\n\t\t\t\t<\/div>\n\t\t<div data-yec-lazyload-case=\"static-bg\" data-yec-full-image=\"https:\/\/cimolai.com\/wp-content\/uploads\/2025\/08\/222.jpg\" class=\"elementor-element elementor-element-6b67bbd e-con-full e-flex e-con e-child\" data-id=\"6b67bbd\" data-element_type=\"container\" data-e-type=\"container\" data-settings=\"{&quot;background_background&quot;:&quot;classic&quot;}\">\n\t\t\t\t<div class=\"elementor-element elementor-element-793e7a4 elementor-widget elementor-widget-spacer\" data-id=\"793e7a4\" data-element_type=\"widget\" data-e-type=\"widget\" data-widget_type=\"spacer.default\">\n\t\t\t\t<div class=\"elementor-widget-container\">\n\t\t\t\t\t\t\t<div class=\"elementor-spacer\">\n\t\t\t<div class=\"elementor-spacer-inner\"><\/div>\n\t\t<\/div>\n\t\t\t\t\t\t<\/div>\n\t\t\t\t<\/div>\n\t\t\t\t<\/div>\n\t\t\t\t<\/div>\n\t\t\t\t\t<\/div>\n\t\t\t\t<\/div>\n\t\t<div class=\"elementor-element elementor-element-b8d234d e-con-full e-flex e-con e-parent\" data-id=\"b8d234d\" data-element_type=\"container\" data-e-type=\"container\">\n\t\t\t\t<div class=\"elementor-element elementor-element-8f20480 elementor-widget elementor-widget-template\" data-id=\"8f20480\" data-element_type=\"widget\" data-e-type=\"widget\" data-widget_type=\"template.default\">\n\t\t\t\t<div class=\"elementor-widget-container\">\n\t\t\t\t\t\t\t<div class=\"elementor-template\">\n\t\t\t\t\t<div data-elementor-type=\"container\" data-elementor-id=\"7065\" class=\"elementor elementor-7065\" data-elementor-post-type=\"elementor_library\">\n\t\t\t\t<div data-yec-lazyload-case=\"static-bg\" data-yec-full-image=\"https:\/\/cimolai.com\/wp-content\/uploads\/2025\/06\/Cimolai_roveredo_ca00f0d9112f4d57dbb63f00c93d01bce87f544c-scaled.jpg\" class=\"elementor-element elementor-element-7777bf5 e-flex e-con-boxed e-con e-parent\" data-id=\"7777bf5\" data-element_type=\"container\" data-e-type=\"container\" data-settings=\"{&quot;background_background&quot;:&quot;classic&quot;}\">\n\t\t\t\t\t<div class=\"e-con-inner\">\n\t\t\t\t<div class=\"elementor-element elementor-element-3225e8ef drop-shadow-md-dark-blue elementor-widget elementor-widget-heading\" data-id=\"3225e8ef\" data-element_type=\"widget\" data-e-type=\"widget\" data-widget_type=\"heading.default\">\n\t\t\t\t<div class=\"elementor-widget-container\">\n\t\t\t\t\t<h3 class=\"elementor-heading-title elementor-size-default\">Innovation<\/h3>\t\t\t\t<\/div>\n\t\t\t\t<\/div>\n\t\t<div class=\"elementor-element elementor-element-48dac6c8 e-con-full e-flex e-con e-child\" data-id=\"48dac6c8\" data-element_type=\"container\" data-e-type=\"container\">\n\t\t\t\t<div class=\"elementor-element elementor-element-512b1e29 drop-shadow-md-dark-blue elementor-widget elementor-widget-heading\" data-id=\"512b1e29\" data-element_type=\"widget\" data-e-type=\"widget\" data-widget_type=\"heading.default\">\n\t\t\t\t<div class=\"elementor-widget-container\">\n\t\t\t\t\t<p class=\"elementor-heading-title elementor-size-default\">Recherche et d\u00e9veloppement<\/p>\t\t\t\t<\/div>\n\t\t\t\t<\/div>\n\t\t\t\t<div class=\"elementor-element elementor-element-1a0fca22 drop-shadow-md-dark-blue elementor-widget__width-initial elementor-widget elementor-widget-text-editor\" data-id=\"1a0fca22\" data-element_type=\"widget\" data-e-type=\"widget\" data-widget_type=\"text-editor.default\">\n\t\t\t\t<div class=\"elementor-widget-container\">\n\t\t\t\t\t\t\t\t\t<p>Nous investissons constamment dans des technologies et des processus innovants pour am\u00e9liorer les performances de nos produits, anticiper les besoins du march\u00e9 et promouvoir une approche d'ing\u00e9nierie orient\u00e9e vers l'avenir, en collaboration avec des organismes de recherche et des universit\u00e9s internationales.<\/p>\t\t\t\t\t\t\t\t<\/div>\n\t\t\t\t<\/div>\n\t\t\t\t<div class=\"elementor-element elementor-element-5b69a40d hover-translateX drop-shadow-md-dark-blue  link-decoration-underline underline-color-white underline-stroke-075 elementor-widget elementor-widget-button\" data-id=\"5b69a40d\" data-element_type=\"widget\" data-e-type=\"widget\" data-widget_type=\"button.default\">\n\t\t\t\t<div class=\"elementor-widget-container\">\n\t\t\t\t\t\t\t\t\t<div class=\"elementor-button-wrapper\">\n\t\t\t\t\t<a class=\"elementor-button elementor-button-link elementor-size-sm\" href=\"https:\/\/www.cimolai.com\/fr\/azienda\/ricerca-e-sviluppo\/\">\n\t\t\t\t\t\t<span class=\"elementor-button-content-wrapper\">\n\t\t\t\t\t\t<span class=\"elementor-button-icon\">\n\t\t\t\t<svg xmlns=\"http:\/\/www.w3.org\/2000\/svg\" height=\"24px\" viewbox=\"0 -960 960 960\" width=\"24px\"><path d=\"m560-240-56-58 142-142H160v-80h486L504-662l56-58 240 240-240 240Z\"><\/path><\/svg>\t\t\t<\/span>\n\t\t\t\t\t\t\t\t\t<span class=\"elementor-button-text\">D\u00e9couvrir plus<\/span>\n\t\t\t\t\t<\/span>\n\t\t\t\t\t<\/a>\n\t\t\t\t<\/div>\n\t\t\t\t\t\t\t\t<\/div>\n\t\t\t\t<\/div>\n\t\t\t\t<\/div>\n\t\t\t\t\t<\/div>\n\t\t\t\t<\/div>\n\t\t\t\t<\/div>\n\t\t\t\t<\/div>\n\t\t\t\t\t\t<\/div>\n\t\t\t\t<\/div>\n\t\t\t\t<\/div>\n\t\t\t\t<\/div>","protected":false},"excerpt":{"rendered":"<p>Nous op\u00e9rons depuis les ann\u00e9es 1970 dans le secteur de la D\u00e9fense, en proposant des solutions de construction m\u00e9tallique \u00e0 haute r\u00e9sistance, con\u00e7ues pour garantir la s\u00e9curit\u00e9, la protection et la continuit\u00e9 op\u00e9rationnelle.<\/p>","protected":false},"author":1,"featured_media":5004,"parent":814,"menu_order":70,"comment_status":"closed","ping_status":"closed","template":"","meta":{"_acf_changed":false,"footnotes":""},"class_list":["post-7036","page","type-page","status-publish","has-post-thumbnail","hentry"],"acf":[],"_links":{"self":[{"href":"https:\/\/www.cimolai.com\/fr\/wp-json\/wp\/v2\/pages\/7036","targetHints":{"allow":["GET"]}}],"collection":[{"href":"https:\/\/www.cimolai.com\/fr\/wp-json\/wp\/v2\/pages"}],"about":[{"href":"https:\/\/www.cimolai.com\/fr\/wp-json\/wp\/v2\/types\/page"}],"author":[{"embeddable":true,"href":"https:\/\/www.cimolai.com\/fr\/wp-json\/wp\/v2\/users\/1"}],"replies":[{"embeddable":true,"href":"https:\/\/www.cimolai.com\/fr\/wp-json\/wp\/v2\/comments?post=7036"}],"version-history":[{"count":21,"href":"https:\/\/www.cimolai.com\/fr\/wp-json\/wp\/v2\/pages\/7036\/revisions"}],"predecessor-version":[{"id":7925,"href":"https:\/\/www.cimolai.com\/fr\/wp-json\/wp\/v2\/pages\/7036\/revisions\/7925"}],"up":[{"embeddable":true,"href":"https:\/\/www.cimolai.com\/fr\/wp-json\/wp\/v2\/pages\/814"}],"wp:featuredmedia":[{"embeddable":true,"href":"https:\/\/www.cimolai.com\/fr\/wp-json\/wp\/v2\/media\/5004"}],"wp:attachment":[{"href":"https:\/\/www.cimolai.com\/fr\/wp-json\/wp\/v2\/media?parent=7036"}],"curies":[{"name":"wp","href":"https:\/\/api.w.org\/{rel}","templated":true}]}}