{"id":808,"date":"2025-06-24T15:09:54","date_gmt":"2025-06-24T15:09:54","guid":{"rendered":"https:\/\/cimolai.gruppoyec.it\/?page_id=808"},"modified":"2026-05-14T14:39:50","modified_gmt":"2026-05-14T14:39:50","slug":"telescopes","status":"publish","type":"page","link":"https:\/\/www.cimolai.com\/fr\/aree-di-business\/telescopi\/","title":{"rendered":"T\u00e9lescopes"},"content":{"rendered":"<div data-elementor-type=\"wp-page\" data-elementor-id=\"808\" class=\"elementor elementor-808\" data-elementor-post-type=\"page\">\n\t\t\t\t<div data-yec-lazyload-case=\"dynamic-bg\" class=\"elementor-element elementor-element-d7823f7 e-con-full e-flex e-con e-parent\" data-id=\"d7823f7\" data-element_type=\"container\" data-e-type=\"container\" data-settings=\"{&quot;background_background&quot;:&quot;classic&quot;}\">\n\t\t\t\t<div class=\"elementor-element elementor-element-f718a3c elementor-absolute elementor-widget elementor-widget-text-editor\" data-id=\"f718a3c\" data-element_type=\"widget\" data-e-type=\"widget\" data-settings=\"{&quot;_position&quot;:&quot;absolute&quot;}\" data-widget_type=\"text-editor.default\">\n\t\t\t\t<div class=\"elementor-widget-container\">\n\t\t\t\t\t\t\t\t\t<p>photo credits ESO<\/p>\t\t\t\t\t\t\t\t<\/div>\n\t\t\t\t<\/div>\n\t\t<div class=\"elementor-element elementor-element-7919e8f drop-shadow-md-dark-blue e-flex e-con-boxed e-con e-child\" data-id=\"7919e8f\" data-element_type=\"container\" data-e-type=\"container\">\n\t\t\t\t\t<div class=\"e-con-inner\">\n\t\t<div class=\"elementor-element elementor-element-20236d1 e-con-full drop-shadow-lg-dark-blue e-flex e-con e-child\" data-id=\"20236d1\" data-element_type=\"container\" data-e-type=\"container\">\n\t\t\t\t<div class=\"elementor-element elementor-element-c361753 elementor-widget elementor-widget-heading\" data-id=\"c361753\" data-element_type=\"widget\" data-e-type=\"widget\" data-widget_type=\"heading.default\">\n\t\t\t\t<div class=\"elementor-widget-container\">\n\t\t\t\t\t<h1 class=\"elementor-heading-title elementor-size-default\">T\u00e9lescopes<\/h1>\t\t\t\t<\/div>\n\t\t\t\t<\/div>\n\t\t\t\t<div class=\"elementor-element elementor-element-a9c6d89 elementor-hidden-mobile elementor-widget elementor-widget-text-editor\" data-id=\"a9c6d89\" data-element_type=\"widget\" data-e-type=\"widget\" data-widget_type=\"text-editor.default\">\n\t\t\t\t<div class=\"elementor-widget-container\">\n\t\t\t\t\t\t\t\t\tL\u2019exp\u00e9rience acquise dans la r\u00e9alisation de structures complexes et de haute pr\u00e9cision permet \u00e0 Cimolai de relever des d\u00e9fis uniques, en transformant la comp\u00e9tence technique en connaissance et en progr\u00e8s.\t\t\t\t\t\t\t\t<\/div>\n\t\t\t\t<\/div>\n\t\t\t\t<\/div>\n\t\t\t\t\t<\/div>\n\t\t\t\t<\/div>\n\t\t\t\t<\/div>\n\t\t<div class=\"elementor-element elementor-element-b045986 elementor-hidden-desktop elementor-hidden-laptop elementor-hidden-tablet e-flex e-con-boxed e-con e-parent\" data-id=\"b045986\" data-element_type=\"container\" data-e-type=\"container\">\n\t\t\t\t\t<div class=\"e-con-inner\">\n\t\t<div class=\"elementor-element elementor-element-3b7cb10 e-con-full e-flex e-con e-child\" data-id=\"3b7cb10\" data-element_type=\"container\" data-e-type=\"container\">\n\t\t\t\t<div class=\"elementor-element elementor-element-528e83b elementor-widget elementor-widget-text-editor\" data-id=\"528e83b\" data-element_type=\"widget\" data-e-type=\"widget\" data-widget_type=\"text-editor.default\">\n\t\t\t\t<div class=\"elementor-widget-container\">\n\t\t\t\t\t\t\t\t\tL\u2019exp\u00e9rience acquise dans la r\u00e9alisation de structures complexes et de haute pr\u00e9cision permet \u00e0 Cimolai de relever des d\u00e9fis uniques, en transformant la comp\u00e9tence technique en connaissance et en progr\u00e8s.\t\t\t\t\t\t\t\t<\/div>\n\t\t\t\t<\/div>\n\t\t\t\t<\/div>\n\t\t\t\t\t<\/div>\n\t\t\t\t<\/div>\n\t\t<div class=\"elementor-element elementor-element-22ecd24 e-flex e-con-boxed e-con e-parent\" data-id=\"22ecd24\" data-element_type=\"container\" data-e-type=\"container\">\n\t\t\t\t\t<div class=\"e-con-inner\">\n\t\t<div class=\"elementor-element elementor-element-78b9af2 e-con-full e-flex e-con e-child\" data-id=\"78b9af2\" data-element_type=\"container\" data-e-type=\"container\">\n\t\t<div class=\"elementor-element elementor-element-661141a e-con-full e-flex e-con e-child\" data-id=\"661141a\" data-element_type=\"container\" data-e-type=\"container\">\n\t\t\t\t<div class=\"elementor-element elementor-element-ca18b55 elementor-widget elementor-widget-heading\" data-id=\"ca18b55\" data-element_type=\"widget\" data-e-type=\"widget\" data-widget_type=\"heading.default\">\n\t\t\t\t<div class=\"elementor-widget-container\">\n\t\t\t\t\t<h3 class=\"elementor-heading-title elementor-size-default\">Introduction<\/h3>\t\t\t\t<\/div>\n\t\t\t\t<\/div>\n\t\t<div class=\"elementor-element elementor-element-108b061 e-con-full e-flex e-con e-child\" data-id=\"108b061\" data-element_type=\"container\" data-e-type=\"container\">\n\t\t\t\t<div class=\"elementor-element elementor-element-5e48005 elementor-widget elementor-widget-heading\" data-id=\"5e48005\" data-element_type=\"widget\" data-e-type=\"widget\" data-widget_type=\"heading.default\">\n\t\t\t\t<div class=\"elementor-widget-container\">\n\t\t\t\t\t<span class=\"elementor-heading-title elementor-size-default\">Construire le regard sur l\u2019univers<\/span>\t\t\t\t<\/div>\n\t\t\t\t<\/div>\n\t\t\t\t<div class=\"elementor-element elementor-element-176174b elementor-widget elementor-widget-text-editor\" data-id=\"176174b\" data-element_type=\"widget\" data-e-type=\"widget\" data-widget_type=\"text-editor.default\">\n\t\t\t\t<div class=\"elementor-widget-container\">\n\t\t\t\t\t\t\t\t\t<p class=\"translation-block\"><span style=\"font-weight: 400\">Chez Cimolai, l\u2019innovation na\u00eet de la rencontre entre l\u2019ing\u00e9nierie et la curiosit\u00e9 scientifique, entre l\u2019industrie et la recherche.<\/span><span style=\"font-weight: 400\"><br><\/span><span style=\"font-weight: 400\">Op\u00e9rer dans le secteur a\u00e9rospatial signifie mettre l\u2019expertise de l\u2019entreprise au service de la connaissance, en collaborant avec des organismes de recherche, des universit\u00e9s et des institutions scientifiques pour r\u00e9aliser des infrastructures au service de l\u2019observation astronomique et spatiale internationale.<\/span><\/p><p class=\"translation-block\"><span style=\"font-weight: 400\">Construire les \u00ab yeux \u00bb qui explorent l\u2019univers, des t\u00e9lescopes de grandes dimensions, signifie donner forme \u00e0 l\u2019innovation : transformer l\u2019ing\u00e9nierie en d\u00e9couverte, la m\u00e9canique en connaissance, le travail humain en \u00e9merveillement.<\/span><span style=\"font-weight: 400\"><br><\/span><span style=\"font-weight: 400\">R\u00e9aliser des instruments capables de regarder loin dans l\u2019espace signifie contribuer \u00e0 un avenir plus conscient, plus curieux et, en d\u00e9finitive, plus humain.<\/span><\/p>\t\t\t\t\t\t\t\t<\/div>\n\t\t\t\t<\/div>\n\t\t\t\t<\/div>\n\t\t\t\t<\/div>\n\t\t<div data-yec-lazyload-case=\"static-bg\" data-yec-full-image=\"https:\/\/cimolai.com\/wp-content\/uploads\/2025\/12\/cimolai-aerospace-fafa4d831af5ea2ca7e14ea1dff23ee374f182fd-1536x864.jpg\" class=\"elementor-element elementor-element-27462c3 e-con-full e-flex e-con e-child\" data-id=\"27462c3\" data-element_type=\"container\" data-e-type=\"container\" data-settings=\"{&quot;background_background&quot;:&quot;classic&quot;}\">\n\t\t\t\t<div class=\"elementor-element elementor-element-06f4f87 elementor-widget elementor-widget-spacer\" data-id=\"06f4f87\" data-element_type=\"widget\" data-e-type=\"widget\" data-widget_type=\"spacer.default\">\n\t\t\t\t<div class=\"elementor-widget-container\">\n\t\t\t\t\t\t\t<div class=\"elementor-spacer\">\n\t\t\t<div class=\"elementor-spacer-inner\"><\/div>\n\t\t<\/div>\n\t\t\t\t\t\t<\/div>\n\t\t\t\t<\/div>\n\t\t\t\t<\/div>\n\t\t\t\t<\/div>\n\t\t\t\t\t<\/div>\n\t\t\t\t<\/div>\n\t\t<div class=\"elementor-element elementor-element-97175e0 e-flex e-con-boxed e-con e-parent\" data-id=\"97175e0\" data-element_type=\"container\" data-e-type=\"container\" data-settings=\"{&quot;background_background&quot;:&quot;classic&quot;}\">\n\t\t\t\t\t<div class=\"e-con-inner\">\n\t\t\t\t<div class=\"elementor-element elementor-element-925604a elementor-widget elementor-widget-heading\" data-id=\"925604a\" data-element_type=\"widget\" data-e-type=\"widget\" data-widget_type=\"heading.default\">\n\t\t\t\t<div class=\"elementor-widget-container\">\n\t\t\t\t\t<h3 class=\"elementor-heading-title elementor-size-default\">Projets<\/h3>\t\t\t\t<\/div>\n\t\t\t\t<\/div>\n\t\t<div class=\"elementor-element elementor-element-b9f649e e-con-full e-flex e-con e-child\" data-id=\"b9f649e\" data-element_type=\"container\" data-e-type=\"container\">\n\t\t<div class=\"elementor-element elementor-element-86afb3c e-con-full e-flex e-con e-child\" data-id=\"86afb3c\" data-element_type=\"container\" data-e-type=\"container\">\n\t\t<div class=\"elementor-element elementor-element-460742f e-con-full e-flex e-con e-child\" data-id=\"460742f\" data-element_type=\"container\" data-e-type=\"container\">\n\t\t\t\t<div class=\"elementor-element elementor-element-fefd8b3 elementor-widget elementor-widget-heading\" data-id=\"fefd8b3\" data-element_type=\"widget\" data-e-type=\"widget\" data-widget_type=\"heading.default\">\n\t\t\t\t<div class=\"elementor-widget-container\">\n\t\t\t\t\t<h3 class=\"elementor-heading-title elementor-size-default\">ELT - Extremely Large Telescope<\/h3>\t\t\t\t<\/div>\n\t\t\t\t<\/div>\n\t\t\t\t<div class=\"elementor-element elementor-element-f1195fd elementor-widget elementor-widget-heading\" data-id=\"f1195fd\" data-element_type=\"widget\" data-e-type=\"widget\" data-widget_type=\"heading.default\">\n\t\t\t\t<div class=\"elementor-widget-container\">\n\t\t\t\t\t<h4 class=\"elementor-heading-title elementor-size-default\">Le plus grand t\u00e9lescope optique au monde pour la lumi\u00e8re visible et infrarouge.<\/h4>\t\t\t\t<\/div>\n\t\t\t\t<\/div>\n\t\t\t\t<div class=\"elementor-element elementor-element-98eb889 elementor-widget elementor-widget-text-editor\" data-id=\"98eb889\" data-element_type=\"widget\" data-e-type=\"widget\" data-widget_type=\"text-editor.default\">\n\t\t\t\t<div class=\"elementor-widget-container\">\n\t\t\t\t\t\t\t\t\t<p><span style=\"font-weight: 400;\">Le ciel \u00e9toil\u00e9 rappelle chaque jour jusqu\u2019o\u00f9 peut aller l\u2019ing\u00e9niosit\u00e9 humaine.<\/span><\/p><p><span style=\"font-weight: 400;\">Avec cette vision, Cimolai r\u00e9alise l\u2019Extremely Large Telescope (ELT), le plus grand t\u00e9lescope optique jamais construit pour la lumi\u00e8re visible et infrarouge, con\u00e7u pour observer, mesurer et comprendre le cosmos.<\/span><\/p><p><span style=\"font-weight: 400;\">Dot\u00e9 d\u2019un miroir primaire de 39 m\u00e8tres et d\u2019instruments scientifiques de pointe, l\u2019ELT offrira un \u00e9ventail de possibilit\u00e9s de recherche sans pr\u00e9c\u00e9dent.<\/span><span style=\"font-weight: 400;\"><br \/><\/span><\/p><p><span style=\"font-weight: 400;\">Situ\u00e9 \u00e0 3 064 m\u00e8tres d\u2019altitude sur le Cerro Armazones, dans les Andes chiliennes, le t\u00e9lescope, actuellement en construction, sera exploit\u00e9 par l\u2019ESO (European Southern Observatory), bas\u00e9 \u00e0 Paranal.<\/span><\/p>\t\t\t\t\t\t\t\t<\/div>\n\t\t\t\t<\/div>\n\t\t\t\t<div class=\"elementor-element elementor-element-23b9985 hover-translateX elementor-widget elementor-widget-button\" data-id=\"23b9985\" data-element_type=\"widget\" data-e-type=\"widget\" data-widget_type=\"button.default\">\n\t\t\t\t<div class=\"elementor-widget-container\">\n\t\t\t\t\t\t\t\t\t<div class=\"elementor-button-wrapper\">\n\t\t\t\t\t<a class=\"elementor-button elementor-button-link elementor-size-sm\" href=\"https:\/\/www.cimolai.com\/fr\/progetti\/telescopio-elt\/\">\n\t\t\t\t\t\t<span class=\"elementor-button-content-wrapper\">\n\t\t\t\t\t\t<span class=\"elementor-button-icon\">\n\t\t\t\t<svg xmlns=\"http:\/\/www.w3.org\/2000\/svg\" height=\"24px\" viewbox=\"0 -960 960 960\" width=\"24px\"><path d=\"m560-240-56-58 142-142H160v-80h486L504-662l56-58 240 240-240 240Z\"><\/path><\/svg>\t\t\t<\/span>\n\t\t\t\t\t\t\t\t\t<span class=\"elementor-button-text\">D\u00e9couvrir plus<\/span>\n\t\t\t\t\t<\/span>\n\t\t\t\t\t<\/a>\n\t\t\t\t<\/div>\n\t\t\t\t\t\t\t\t<\/div>\n\t\t\t\t<\/div>\n\t\t\t\t<\/div>\n\t\t\t\t<\/div>\n\t\t<div data-yec-lazyload-case=\"static-bg\" data-yec-full-image=\"https:\/\/cimolai.com\/wp-content\/uploads\/2025\/12\/cimolai-elt-96b8f623655b4191d933e7deedb790010fac5ceb-scaled.jpg\" class=\"elementor-element elementor-element-5ed3cfd e-con-full e-flex e-con e-child\" data-id=\"5ed3cfd\" data-element_type=\"container\" data-e-type=\"container\" data-settings=\"{&quot;background_background&quot;:&quot;classic&quot;}\">\n\t\t\t\t<div class=\"elementor-element elementor-element-5719ba8 elementor-widget elementor-widget-spacer\" data-id=\"5719ba8\" data-element_type=\"widget\" data-e-type=\"widget\" data-widget_type=\"spacer.default\">\n\t\t\t\t<div class=\"elementor-widget-container\">\n\t\t\t\t\t\t\t<div class=\"elementor-spacer\">\n\t\t\t<div class=\"elementor-spacer-inner\"><\/div>\n\t\t<\/div>\n\t\t\t\t\t\t<\/div>\n\t\t\t\t<\/div>\n\t\t\t\t<\/div>\n\t\t\t\t<\/div>\n\t\t\t\t<div class=\"elementor-element elementor-element-9ebf2c3 elementor-widget-divider--view-line elementor-widget elementor-widget-divider\" data-id=\"9ebf2c3\" data-element_type=\"widget\" data-e-type=\"widget\" data-widget_type=\"divider.default\">\n\t\t\t\t<div class=\"elementor-widget-container\">\n\t\t\t\t\t\t\t<div class=\"elementor-divider\">\n\t\t\t<span class=\"elementor-divider-separator\">\n\t\t\t\t\t\t<\/span>\n\t\t<\/div>\n\t\t\t\t\t\t<\/div>\n\t\t\t\t<\/div>\n\t\t<div class=\"elementor-element elementor-element-d7f1118 e-con-full e-flex e-con e-child\" data-id=\"d7f1118\" data-element_type=\"container\" data-e-type=\"container\">\n\t\t<div class=\"elementor-element elementor-element-5d34c1e e-con-full e-flex e-con e-child\" data-id=\"5d34c1e\" data-element_type=\"container\" data-e-type=\"container\">\n\t\t<div class=\"elementor-element elementor-element-a7f4c8a e-con-full e-flex e-con e-child\" data-id=\"a7f4c8a\" data-element_type=\"container\" data-e-type=\"container\">\n\t\t\t\t<div class=\"elementor-element elementor-element-e7a2135 elementor-widget elementor-widget-heading\" data-id=\"e7a2135\" data-element_type=\"widget\" data-e-type=\"widget\" data-widget_type=\"heading.default\">\n\t\t\t\t<div class=\"elementor-widget-container\">\n\t\t\t\t\t<h3 class=\"elementor-heading-title elementor-size-default\">CTA+<\/h3>\t\t\t\t<\/div>\n\t\t\t\t<\/div>\n\t\t\t\t<div class=\"elementor-element elementor-element-2c3457e elementor-widget elementor-widget-heading\" data-id=\"2c3457e\" data-element_type=\"widget\" data-e-type=\"widget\" data-widget_type=\"heading.default\">\n\t\t\t\t<div class=\"elementor-widget-container\">\n\t\t\t\t\t<h4 class=\"elementor-heading-title elementor-size-default\">Deux Large Size Telescopes pour la construction de l\u2019observatoire Cherenkov Telescope Array (CTA).<\/h4>\t\t\t\t<\/div>\n\t\t\t\t<\/div>\n\t\t\t\t<div class=\"elementor-element elementor-element-ebd2b5b elementor-widget elementor-widget-text-editor\" data-id=\"ebd2b5b\" data-element_type=\"widget\" data-e-type=\"widget\" data-widget_type=\"text-editor.default\">\n\t\t\t\t<div class=\"elementor-widget-container\">\n\t\t\t\t\t\t\t\t\t<p><span style=\"font-weight: 400;\">La contribution italienne au d\u00e9veloppement du grand observatoire Cherenkov Telescope Array (CTA), dans le d\u00e9sert chilien, est concr\u00e8te : explorer l\u2019univers aux tr\u00e8s hautes \u00e9nergies gr\u00e2ce \u00e0 l\u2019observation des rayons gamma est un objectif qui prend aujourd\u2019hui forme.<\/span><\/p><p><span style=\"font-weight: 400;\">Coordonn\u00e9 par l\u2019Institut national d\u2019astrophysique (INAF), avec la collaboration de l\u2019Institut national de physique nucl\u00e9aire (INFN), des Universit\u00e9s de Bologne, Bari, Sienne et Palerme, ainsi que du Politecnico di Bari, le projet pr\u00e9voit la construction de deux t\u00e9lescopes de grandes dimensions (Large Size Telescope).<\/span><\/p><p><span style=\"font-weight: 400;\">Avec un diam\u00e8tre de 24 m\u00e8tres et un poids de pr\u00e8s de 100 tonnes chacun, les t\u00e9lescopes seront capables de s\u2019orienter rapidement et d\u2019atteindre n\u2019importe quel point du ciel en quelques secondes. Ils seront install\u00e9s sur le site sud de l\u2019Observatoire CTA, dans le d\u00e9sert chilien.<\/span><span style=\"font-weight: 400;\"><br \/><\/span><\/p>\t\t\t\t\t\t\t\t<\/div>\n\t\t\t\t<\/div>\n\t\t\t\t<div class=\"elementor-element elementor-element-89846ad hover-translateX elementor-widget elementor-widget-button\" data-id=\"89846ad\" data-element_type=\"widget\" data-e-type=\"widget\" data-widget_type=\"button.default\">\n\t\t\t\t<div class=\"elementor-widget-container\">\n\t\t\t\t\t\t\t\t\t<div class=\"elementor-button-wrapper\">\n\t\t\t\t\t<a class=\"elementor-button elementor-button-link elementor-size-sm\" href=\"https:\/\/www.cimolai.com\/fr\/progetti\/lst-telescopes-cta\/\">\n\t\t\t\t\t\t<span class=\"elementor-button-content-wrapper\">\n\t\t\t\t\t\t<span class=\"elementor-button-icon\">\n\t\t\t\t<svg xmlns=\"http:\/\/www.w3.org\/2000\/svg\" height=\"24px\" viewbox=\"0 -960 960 960\" width=\"24px\"><path d=\"m560-240-56-58 142-142H160v-80h486L504-662l56-58 240 240-240 240Z\"><\/path><\/svg>\t\t\t<\/span>\n\t\t\t\t\t\t\t\t\t<span class=\"elementor-button-text\">D\u00e9couvrir plus<\/span>\n\t\t\t\t\t<\/span>\n\t\t\t\t\t<\/a>\n\t\t\t\t<\/div>\n\t\t\t\t\t\t\t\t<\/div>\n\t\t\t\t<\/div>\n\t\t\t\t<\/div>\n\t\t\t\t<\/div>\n\t\t<div data-yec-lazyload-case=\"static-bg\" data-yec-full-image=\"https:\/\/cimolai.com\/wp-content\/uploads\/2026\/05\/cta.jpg\" class=\"elementor-element elementor-element-e1f83b9 e-con-full e-flex e-con e-child\" data-id=\"e1f83b9\" data-element_type=\"container\" data-e-type=\"container\" data-settings=\"{&quot;background_background&quot;:&quot;classic&quot;}\">\n\t\t\t\t<div class=\"elementor-element elementor-element-93998c3 elementor-widget elementor-widget-spacer\" data-id=\"93998c3\" data-element_type=\"widget\" data-e-type=\"widget\" data-widget_type=\"spacer.default\">\n\t\t\t\t<div class=\"elementor-widget-container\">\n\t\t\t\t\t\t\t<div class=\"elementor-spacer\">\n\t\t\t<div class=\"elementor-spacer-inner\"><\/div>\n\t\t<\/div>\n\t\t\t\t\t\t<\/div>\n\t\t\t\t<\/div>\n\t\t\t\t<\/div>\n\t\t\t\t<\/div>\n\t\t\t\t\t<\/div>\n\t\t\t\t<\/div>\n\t\t<div class=\"elementor-element elementor-element-a91f309 e-con-full e-flex e-con e-parent\" data-id=\"a91f309\" data-element_type=\"container\" data-e-type=\"container\">\n\t\t\t\t<div class=\"elementor-element elementor-element-495640a elementor-widget elementor-widget-template\" data-id=\"495640a\" data-element_type=\"widget\" data-e-type=\"widget\" data-widget_type=\"template.default\">\n\t\t\t\t<div class=\"elementor-widget-container\">\n\t\t\t\t\t\t\t<div class=\"elementor-template\">\n\t\t\t\t\t<div data-elementor-type=\"container\" data-elementor-id=\"4881\" class=\"elementor elementor-4881\" data-elementor-post-type=\"elementor_library\">\n\t\t\t\t<div data-yec-lazyload-case=\"static-bg\" data-yec-full-image=\"https:\/\/cimolai.com\/wp-content\/uploads\/2026\/02\/Medio-Padana_stazione_Reggio-Emilia_01-scaled.jpg\" class=\"elementor-element elementor-element-68ce1331 e-flex e-con-boxed e-con e-parent\" data-id=\"68ce1331\" data-element_type=\"container\" data-e-type=\"container\" data-settings=\"{&quot;background_background&quot;:&quot;classic&quot;}\">\n\t\t\t\t\t<div class=\"e-con-inner\">\n\t\t\t\t<div class=\"elementor-element elementor-element-2c36556f drop-shadow-md-dark-blue elementor-widget elementor-widget-heading\" data-id=\"2c36556f\" data-element_type=\"widget\" data-e-type=\"widget\" data-widget_type=\"heading.default\">\n\t\t\t\t<div class=\"elementor-widget-container\">\n\t\t\t\t\t<h3 class=\"elementor-heading-title elementor-size-default\">Durabilit\u00e9<\/h3>\t\t\t\t<\/div>\n\t\t\t\t<\/div>\n\t\t<div class=\"elementor-element elementor-element-56515ae0 e-con-full e-flex e-con e-child\" data-id=\"56515ae0\" data-element_type=\"container\" data-e-type=\"container\">\n\t\t\t\t<div class=\"elementor-element elementor-element-7493a6a1 drop-shadow-md-dark-blue elementor-widget elementor-widget-heading\" data-id=\"7493a6a1\" data-element_type=\"widget\" data-e-type=\"widget\" data-widget_type=\"heading.default\">\n\t\t\t\t<div class=\"elementor-widget-container\">\n\t\t\t\t\t<p class=\"elementor-heading-title elementor-size-default\">Notre parcours vers la durabilit\u00e9<\/p>\t\t\t\t<\/div>\n\t\t\t\t<\/div>\n\t\t\t\t<div class=\"elementor-element elementor-element-1f2ef573 drop-shadow-md-dark-blue elementor-widget__width-initial elementor-widget elementor-widget-text-editor\" data-id=\"1f2ef573\" data-element_type=\"widget\" data-e-type=\"widget\" data-widget_type=\"text-editor.default\">\n\t\t\t\t<div class=\"elementor-widget-container\">\n\t\t\t\t\t\t\t\t\t<p>Pour l\u2019environnement, les personnes et le territoire, avec \u00e9thique et transparence. Notre engagement pour un avenir plus durable.<\/p>\t\t\t\t\t\t\t\t<\/div>\n\t\t\t\t<\/div>\n\t\t\t\t<div class=\"elementor-element elementor-element-1c6350c5 hover-translateX drop-shadow-md-dark-blue  link-decoration-underline underline-color-white underline-stroke-075 elementor-widget elementor-widget-button\" data-id=\"1c6350c5\" data-element_type=\"widget\" data-e-type=\"widget\" data-widget_type=\"button.default\">\n\t\t\t\t<div class=\"elementor-widget-container\">\n\t\t\t\t\t\t\t\t\t<div class=\"elementor-button-wrapper\">\n\t\t\t\t\t<a class=\"elementor-button elementor-button-link elementor-size-sm\" href=\"https:\/\/www.cimolai.com\/fr\/sostenibilita\/\">\n\t\t\t\t\t\t<span class=\"elementor-button-content-wrapper\">\n\t\t\t\t\t\t<span class=\"elementor-button-icon\">\n\t\t\t\t<svg xmlns=\"http:\/\/www.w3.org\/2000\/svg\" height=\"24px\" viewbox=\"0 -960 960 960\" width=\"24px\"><path d=\"m560-240-56-58 142-142H160v-80h486L504-662l56-58 240 240-240 240Z\"><\/path><\/svg>\t\t\t<\/span>\n\t\t\t\t\t\t\t\t\t<span class=\"elementor-button-text\">Durabilit\u00e9<\/span>\n\t\t\t\t\t<\/span>\n\t\t\t\t\t<\/a>\n\t\t\t\t<\/div>\n\t\t\t\t\t\t\t\t<\/div>\n\t\t\t\t<\/div>\n\t\t\t\t<\/div>\n\t\t\t\t\t<\/div>\n\t\t\t\t<\/div>\n\t\t\t\t<\/div>\n\t\t\t\t<\/div>\n\t\t\t\t\t\t<\/div>\n\t\t\t\t<\/div>\n\t\t\t\t<\/div>\n\t\t\t\t<\/div>","protected":false},"excerpt":{"rendered":"<p>L\u2019exp\u00e9rience acquise dans la r\u00e9alisation de structures complexes et de haute pr\u00e9cision permet \u00e0 Cimolai de relever des d\u00e9fis uniques, en transformant la comp\u00e9tence technique en connaissance et en progr\u00e8s.<\/p>","protected":false},"author":1,"featured_media":5242,"parent":814,"menu_order":60,"comment_status":"closed","ping_status":"closed","template":"","meta":{"_acf_changed":false,"footnotes":""},"class_list":["post-808","page","type-page","status-publish","has-post-thumbnail","hentry"],"acf":[],"_links":{"self":[{"href":"https:\/\/www.cimolai.com\/fr\/wp-json\/wp\/v2\/pages\/808","targetHints":{"allow":["GET"]}}],"collection":[{"href":"https:\/\/www.cimolai.com\/fr\/wp-json\/wp\/v2\/pages"}],"about":[{"href":"https:\/\/www.cimolai.com\/fr\/wp-json\/wp\/v2\/types\/page"}],"author":[{"embeddable":true,"href":"https:\/\/www.cimolai.com\/fr\/wp-json\/wp\/v2\/users\/1"}],"replies":[{"embeddable":true,"href":"https:\/\/www.cimolai.com\/fr\/wp-json\/wp\/v2\/comments?post=808"}],"version-history":[{"count":47,"href":"https:\/\/www.cimolai.com\/fr\/wp-json\/wp\/v2\/pages\/808\/revisions"}],"predecessor-version":[{"id":7974,"href":"https:\/\/www.cimolai.com\/fr\/wp-json\/wp\/v2\/pages\/808\/revisions\/7974"}],"up":[{"embeddable":true,"href":"https:\/\/www.cimolai.com\/fr\/wp-json\/wp\/v2\/pages\/814"}],"wp:featuredmedia":[{"embeddable":true,"href":"https:\/\/www.cimolai.com\/fr\/wp-json\/wp\/v2\/media\/5242"}],"wp:attachment":[{"href":"https:\/\/www.cimolai.com\/fr\/wp-json\/wp\/v2\/media?parent=808"}],"curies":[{"name":"wp","href":"https:\/\/api.w.org\/{rel}","templated":true}]}}